{"id":49454,"date":"2025-06-25T13:56:18","date_gmt":"2025-06-25T11:56:18","guid":{"rendered":"https:\/\/tourismus.kelheim.de\/?page_id=49454"},"modified":"2025-11-16T12:52:53","modified_gmt":"2025-11-16T11:52:53","slug":"schifffahrt","status":"publish","type":"page","link":"https:\/\/tourismus.kelheim.de\/en\/schifffahrt\/","title":{"rendered":"Shipping"},"content":{"rendered":"<div data-elementor-type=\"wp-page\" data-elementor-id=\"49454\" class=\"elementor elementor-49454\" data-elementor-post-type=\"page\">\n\t\t\t\t<div class=\"elementor-element elementor-element-cad9ebe elementor-repeater-item-ang_container_padding_7 e-flex e-con-boxed elementor-repeater-item-none elementor-repeater-item-none_hover e-con e-parent\" data-id=\"cad9ebe\" data-element_type=\"container\" data-e-type=\"container\" data-settings=\"{&quot;ang_container_spacing_size&quot;:&quot;ang_container_padding_7&quot;,&quot;jet_parallax_layout_list&quot;:[]}\">\n\t\t\t\t\t<div class=\"e-con-inner\">\n\t\t\t\t<div class=\"elementor-element elementor-element-847312f elementor-repeater-item-none elementor-repeater-item-none_hover elementor-widget elementor-widget-heading\" data-id=\"847312f\" data-element_type=\"widget\" data-e-type=\"widget\" data-widget_type=\"heading.default\">\n\t\t\t\t<div class=\"elementor-widget-container\">\n\t\t\t\t\t<h2 class=\"elementor-heading-title elementor-size-default\">Navigation on the Danube and Main-Danube Canal\n<\/h2>\t\t\t\t<\/div>\n\t\t\t\t<\/div>\n\t\t\t\t<div class=\"elementor-element elementor-element-5ac6362 elementor-repeater-item-none elementor-repeater-item-none_hover elementor-widget elementor-widget-text-editor\" data-id=\"5ac6362\" data-element_type=\"widget\" data-e-type=\"widget\" data-widget_type=\"text-editor.default\">\n\t\t\t\t<div class=\"elementor-widget-container\">\n\t\t\t\t\t\t\t\t\t<p>On board the excursion boats of the Kelheim White Fleet, passengers can enjoy the unique natural beauty of the Danube Gorge and let themselves drift along.<\/p>\t\t\t\t\t\t\t\t<\/div>\n\t\t\t\t<\/div>\n\t\t\t\t<div class=\"elementor-element elementor-element-14fa6f9 elementor-repeater-item-none elementor-repeater-item-none_hover elementor-widget elementor-widget-text-editor\" data-id=\"14fa6f9\" data-element_type=\"widget\" data-e-type=\"widget\" data-widget_type=\"text-editor.default\">\n\t\t\t\t<div class=\"elementor-widget-container\">\n\t\t\t\t\t\t\t\t\t<p>Between March and November, the excursion boats of the Kelheim White Fleet run regularly between Kelheim and the <a href=\"\/en\/adressen\/kloster-weltenburg\/\">Weltenburg Monastery<\/a>from May to the beginning of October on the Altm\u00fchl between Kelheim and Riedenburg. The trip on the Altm\u00fchl and Danube is exciting and enjoyable during one of the eventful <strong>Special trips<\/strong> - from dance cruises with live music to gourmet brunches and mulled wine cruises in winter.<\/p><p><strong>Tip:<\/strong> The cable ferry between Weltenburg and Stausacker offers a short crossing with historical flair. People crossed the Danube in this way as early as 1442. Today, the crossing is a special experience for hikers, cyclists, motorcyclists and motorists.<\/p>\t\t\t\t\t\t\t\t<\/div>\n\t\t\t\t<\/div>\n\t\t\t\t<div class=\"elementor-element elementor-element-56d27bb elementor-repeater-item-none elementor-repeater-item-none_hover elementor-widget elementor-widget-heading\" data-id=\"56d27bb\" data-element_type=\"widget\" data-e-type=\"widget\" data-widget_type=\"heading.default\">\n\t\t\t\t<div class=\"elementor-widget-container\">\n\t\t\t\t\t<h3 class=\"elementor-heading-title elementor-size-default\">Timetables &amp; events<\/h3>\t\t\t\t<\/div>\n\t\t\t\t<\/div>\n\t\t\t\t<div class=\"elementor-element elementor-element-4b78f46 elementor-repeater-item-none elementor-repeater-item-none_hover elementor-widget elementor-widget-heading\" data-id=\"4b78f46\" data-element_type=\"widget\" data-e-type=\"widget\" data-widget_type=\"heading.default\">\n\t\t\t\t<div class=\"elementor-widget-container\">\n\t\t\t\t\t<h4 class=\"elementor-heading-title elementor-size-default\">Here you will find current timetables and events of the Kelheim passenger boat service:<\/h4>\t\t\t\t<\/div>\n\t\t\t\t<\/div>\n\t\t\t\t<div class=\"elementor-element elementor-element-96f3eff elementor-repeater-item-none elementor-repeater-item-none_hover elementor-widget elementor-widget-text-editor\" data-id=\"96f3eff\" data-element_type=\"widget\" data-e-type=\"widget\" data-widget_type=\"text-editor.default\">\n\t\t\t\t<div class=\"elementor-widget-container\">\n\t\t\t\t\t\t\t\t\t<p>Please note: In the event of high or low water, there may be timetable changes or cancellations on the Danube. It is therefore advisable to check the Passenger Shipping website before your desired departure.<\/p>\t\t\t\t\t\t\t\t<\/div>\n\t\t\t\t<\/div>\n\t\t\t\t<div class=\"elementor-element elementor-element-f49ddfc elementor-repeater-item-none elementor-repeater-item-none_hover elementor-widget elementor-widget-jet-engine-component-35765\" data-id=\"f49ddfc\" data-element_type=\"widget\" data-e-type=\"widget\" data-widget_type=\"jet-engine-component-35765.default\">\n\t\t\t\t<div class=\"elementor-widget-container\">\n\t\t\t\t\t<style>.elementor-35765 .elementor-element.elementor-element-3a261d1{--display:flex;}.elementor-35765 .elementor-element.elementor-element-61ca992 .elementor-icon-list-items:not(.elementor-inline-items) .elementor-icon-list-item:not(:last-child){padding-block-end:calc(25px\/2);}.elementor-35765 .elementor-element.elementor-element-61ca992 .elementor-icon-list-items:not(.elementor-inline-items) .elementor-icon-list-item:not(:first-child){margin-block-start:calc(25px\/2);}.elementor-35765 .elementor-element.elementor-element-61ca992 .elementor-icon-list-items.elementor-inline-items .elementor-icon-list-item{margin-inline:calc(25px\/2);}.elementor-35765 .elementor-element.elementor-element-61ca992 .elementor-icon-list-items.elementor-inline-items{margin-inline:calc(-25px\/2);}.elementor-35765 .elementor-element.elementor-element-61ca992 .elementor-icon-list-items.elementor-inline-items .elementor-icon-list-item:after{inset-inline-end:calc(-25px\/2);}.elementor-35765 .elementor-element.elementor-element-61ca992 .elementor-icon-list-icon i{color:var( --e-global-color-sk_color_5 );transition:color 0.3s;}.elementor-35765 .elementor-element.elementor-element-61ca992 .elementor-icon-list-icon svg{fill:var( --e-global-color-sk_color_5 );transition:fill 0.3s;}.elementor-35765 .elementor-element.elementor-element-61ca992{--e-icon-list-icon-size:35px;--e-icon-list-icon-align:left;--e-icon-list-icon-margin:0 calc(var(--e-icon-list-icon-size, 1em) * 0.25) 0 0;--icon-vertical-offset:0px;width:100%;max-width:100%;}.elementor-35765 .elementor-element.elementor-element-61ca992 .elementor-icon-list-icon{padding-inline-end:0px;}.elementor-35765 .elementor-element.elementor-element-61ca992 .elementor-icon-list-item > .elementor-icon-list-text, .elementor-35765 .elementor-element.elementor-element-61ca992 .elementor-icon-list-item > a{font-family:var( --e-global-typography-sk_type_14-font-family ), Sans-serif;font-size:var( --e-global-typography-sk_type_14-font-size );font-weight:var( --e-global-typography-sk_type_14-font-weight );line-height:var( --e-global-typography-sk_type_14-line-height );letter-spacing:var( --e-global-typography-sk_type_14-letter-spacing );word-spacing:var( --e-global-typography-sk_type_14-word-spacing );}.elementor-35765 .elementor-element.elementor-element-61ca992 .elementor-icon-list-text{color:var( --e-global-color-sk_color_9 );transition:color 0.3s;}.elementor-35765 .elementor-element.elementor-element-61ca992 .elementor-icon-list-item:hover .elementor-icon-list-text{color:var( --e-global-color-sk_color_5 );}.elementor-35765 .elementor-element.elementor-element-61ca992 > .elementor-widget-container{padding:15px 15px 15px 15px;background-color:var( --e-global-color-sk_color_8 );border-style:none;border-radius:14px 14px 14px 14px;}.jet-listing-item.single-jet-engine.elementor-page-35765{--ang-classes-border:rgba(79, 122, 233, 0.58);--ang-classes-label:#406DE1;--ang-css-border:rgba(211, 0, 0, 0.35);}@media(max-width:1024px){.elementor-35765 .elementor-element.elementor-element-61ca992 .elementor-icon-list-item > .elementor-icon-list-text, .elementor-35765 .elementor-element.elementor-element-61ca992 .elementor-icon-list-item > a{font-size:var( --e-global-typography-sk_type_14-font-size );line-height:var( --e-global-typography-sk_type_14-line-height );letter-spacing:var( --e-global-typography-sk_type_14-letter-spacing );word-spacing:var( --e-global-typography-sk_type_14-word-spacing );}}@media(max-width:767px){.elementor-35765 .elementor-element.elementor-element-61ca992{--e-icon-list-icon-align:left;--e-icon-list-icon-margin:0 calc(var(--e-icon-list-icon-size, 1em) * 0.25) 0 0;}.elementor-35765 .elementor-element.elementor-element-61ca992 .elementor-icon-list-item > .elementor-icon-list-text, .elementor-35765 .elementor-element.elementor-element-61ca992 .elementor-icon-list-item > a{font-size:var( --e-global-typography-sk_type_14-font-size );line-height:var( --e-global-typography-sk_type_14-line-height );letter-spacing:var( --e-global-typography-sk_type_14-letter-spacing );word-spacing:var( --e-global-typography-sk_type_14-word-spacing );}}<\/style>\t\t<div data-elementor-type=\"jet-engine-component\" data-elementor-id=\"35765\" class=\"elementor elementor-35765 jet-listing-grid--35765 jet-component-instance-7978\" data-elementor-post-type=\"jet-engine\" style=\"\">\n\t\t\t\t<div class=\"elementor-element elementor-element-3a261d1 e-flex e-con-boxed elementor-repeater-item-default_padding elementor-repeater-item-none elementor-repeater-item-none_hover e-con e-parent\" data-id=\"3a261d1\" data-element_type=\"container\" data-e-type=\"container\" data-settings=\"{&quot;jet_parallax_layout_list&quot;:[],&quot;ang_container_spacing_size&quot;:&quot;default_padding&quot;}\">\n\t\t\t\t\t<div class=\"e-con-inner\">\n\t\t\t\t<div class=\"elementor-element elementor-element-61ca992 elementor-widget__width-inherit hover-grow elementor-icon-list--layout-traditional elementor-list-item-link-full_width elementor-repeater-item-none elementor-repeater-item-none_hover elementor-widget elementor-widget-icon-list\" data-id=\"61ca992\" data-element_type=\"widget\" data-e-type=\"widget\" data-widget_type=\"icon-list.default\">\n\t\t\t\t<div class=\"elementor-widget-container\">\n\t\t\t\t\t\t\t<ul class=\"elementor-icon-list-items\">\n\t\t\t\t\t\t\t<li class=\"elementor-icon-list-item\">\n\t\t\t\t\t\t\t\t\t\t\t<a href=\"https:\/\/schifffahrt-kelheim.de\" target=\"_blank\" rel=\"noopener noreferrer nofollow\">\n\n\t\t\t\t\t\t\t\t\t\t\t\t<span class=\"elementor-icon-list-icon\">\n\t\t\t\t\t\t\t<svg aria-hidden=\"true\" class=\"e-font-icon-svg e-fas-external-link-square-alt\" viewbox=\"0 0 448 512\" xmlns=\"http:\/\/www.w3.org\/2000\/svg\"><path d=\"M448 80v352c0 26.51-21.49 48-48 48H48c-26.51 0-48-21.49-48-48V80c0-26.51 21.49-48 48-48h352c26.51 0 48 21.49 48 48zm-88 16H248.029c-21.313 0-32.08 25.861-16.971 40.971l31.984 31.987L67.515 364.485c-4.686 4.686-4.686 12.284 0 16.971l31.029 31.029c4.687 4.686 12.285 4.686 16.971 0l195.526-195.526 31.988 31.991C358.058 263.977 384 253.425 384 231.979V120c0-13.255-10.745-24-24-24z\"><\/path><\/svg>\t\t\t\t\t\t<\/span>\n\t\t\t\t\t\t\t\t\t\t<span class=\"elementor-icon-list-text\">www.schifffahrt-kelheim.de<\/span>\n\t\t\t\t\t\t\t\t\t\t\t<\/a>\n\t\t\t\t\t\t\t\t\t<\/li>\n\t\t\t\t\t\t<\/ul>\n\t\t\t\t\t\t<\/div>\n\t\t\t\t<\/div>\n\t\t\t\t\t<\/div>\n\t\t\t\t<\/div>\n\t\t\t\t<\/div>\n\t\t\t\t\t\t<\/div>\n\t\t\t\t<\/div>\n\t\t\t\t<div class=\"elementor-element elementor-element-869f5f1 elementor-repeater-item-none elementor-repeater-item-none_hover elementor-widget elementor-widget-heading\" data-id=\"869f5f1\" data-element_type=\"widget\" data-e-type=\"widget\" data-widget_type=\"heading.default\">\n\t\t\t\t<div class=\"elementor-widget-container\">\n\t\t\t\t\t<h4 class=\"elementor-heading-title elementor-size-default\">You can download the current shipping schedule here:<\/h4>\t\t\t\t<\/div>\n\t\t\t\t<\/div>\n\t\t\t\t<div class=\"elementor-element elementor-element-2034a4d elementor-repeater-item-none elementor-repeater-item-none_hover elementor-widget elementor-widget-jet-engine-component-35765\" data-id=\"2034a4d\" data-element_type=\"widget\" data-e-type=\"widget\" data-widget_type=\"jet-engine-component-35765.default\">\n\t\t\t\t<div class=\"elementor-widget-container\">\n\t\t\t\t\t\t\t<div data-elementor-type=\"jet-engine-component\" data-elementor-id=\"35765\" class=\"elementor elementor-35765 jet-listing-grid--35765 jet-component-instance-3313\" data-elementor-post-type=\"jet-engine\" style=\"\">\n\t\t\t\t<div class=\"elementor-element elementor-element-3a261d1 e-flex e-con-boxed elementor-repeater-item-default_padding elementor-repeater-item-none elementor-repeater-item-none_hover e-con e-parent\" data-id=\"3a261d1\" data-element_type=\"container\" data-e-type=\"container\" data-settings=\"{&quot;jet_parallax_layout_list&quot;:[],&quot;ang_container_spacing_size&quot;:&quot;default_padding&quot;}\">\n\t\t\t\t\t<div class=\"e-con-inner\">\n\t\t\t\t<div class=\"elementor-element elementor-element-61ca992 elementor-widget__width-inherit hover-grow elementor-icon-list--layout-traditional elementor-list-item-link-full_width elementor-repeater-item-none elementor-repeater-item-none_hover elementor-widget elementor-widget-icon-list\" data-id=\"61ca992\" data-element_type=\"widget\" data-e-type=\"widget\" data-widget_type=\"icon-list.default\">\n\t\t\t\t<div class=\"elementor-widget-container\">\n\t\t\t\t\t\t\t<ul class=\"elementor-icon-list-items\">\n\t\t\t\t\t\t\t<li class=\"elementor-icon-list-item\">\n\t\t\t\t\t\t\t\t\t\t\t<a href=\"https:\/\/shop.kelheim.de\/shop\/schifffahrtfahrtsplan\" target=\"_blank\" rel=\"noopener noreferrer nofollow\">\n\n\t\t\t\t\t\t\t\t\t\t\t\t<span class=\"elementor-icon-list-icon\">\n\t\t\t\t\t\t\t<svg aria-hidden=\"true\" class=\"e-font-icon-svg e-fas-external-link-square-alt\" viewbox=\"0 0 448 512\" xmlns=\"http:\/\/www.w3.org\/2000\/svg\"><path d=\"M448 80v352c0 26.51-21.49 48-48 48H48c-26.51 0-48-21.49-48-48V80c0-26.51 21.49-48 48-48h352c26.51 0 48 21.49 48 48zm-88 16H248.029c-21.313 0-32.08 25.861-16.971 40.971l31.984 31.987L67.515 364.485c-4.686 4.686-4.686 12.284 0 16.971l31.029 31.029c4.687 4.686 12.285 4.686 16.971 0l195.526-195.526 31.988 31.991C358.058 263.977 384 253.425 384 231.979V120c0-13.255-10.745-24-24-24z\"><\/path><\/svg>\t\t\t\t\t\t<\/span>\n\t\t\t\t\t\t\t\t\t\t<span class=\"elementor-icon-list-text\">Download timetable<\/span>\n\t\t\t\t\t\t\t\t\t\t\t<\/a>\n\t\t\t\t\t\t\t\t\t<\/li>\n\t\t\t\t\t\t<\/ul>\n\t\t\t\t\t\t<\/div>\n\t\t\t\t<\/div>\n\t\t\t\t\t<\/div>\n\t\t\t\t<\/div>\n\t\t\t\t<\/div>\n\t\t\t\t\t\t<\/div>\n\t\t\t\t<\/div>\n\t\t\t\t\t<\/div>\n\t\t\t\t<\/div>\n\t\t\t\t<\/div>","protected":false},"excerpt":{"rendered":"<p>Cruises on the Danube and Main-Danube Canal Passengers can enjoy the unique natural beauty of the Danube Gorge and drift along on board the excursion boats of the Kelheim White Fleet. Between March and November, the excursion boats of the Kelheim White Fleet sail regularly between Kelheim and Weltenburg Abbey, and from May to the beginning of October also on the Altm\u00fchl between Kelheim and Riedenburg. [...]<\/p>","protected":false},"author":17,"featured_media":52088,"parent":0,"menu_order":0,"comment_status":"closed","ping_status":"closed","template":"","meta":{"iawp_total_views":1361,"footnotes":""},"categories":[],"tags":[],"class_list":["post-49454","page","type-page","status-publish","has-post-thumbnail","hentry"],"yoast_head":"<!-- This site is optimized with the Yoast SEO plugin v26.9 - https:\/\/yoast.com\/product\/yoast-seo-wordpress\/ -->\n<title>Schifffahrt - Kelheim Tourismus<\/title>\n<meta name=\"robots\" content=\"index, follow, max-snippet:-1, max-image-preview:large, max-video-preview:-1\" \/>\n<link rel=\"canonical\" href=\"https:\/\/tourismus.kelheim.de\/en\/schifffahrt\/\" \/>\n<meta property=\"og:locale\" content=\"en_US\" \/>\n<meta property=\"og:type\" content=\"article\" \/>\n<meta property=\"og:title\" content=\"Schifffahrt - Kelheim Tourismus\" \/>\n<meta property=\"og:description\" content=\"Schifffahrt auf Donau und Main-Donau-Kanal An Bord der Ausflugsschiffe der Kelheimer Wei\u00dfen Flotte genie\u00dfen Fahrg\u00e4ste die einmalige Natursch\u00f6nheit des Donaudurchbruchs und lassen sich treiben. Zwischen M\u00e4rz und November verkehren die Ausflugsschiffe der Kelheimer Wei\u00dfen Flotte regelm\u00e4\u00dfig zwischen Kelheim und dem Kloster Weltenburg, von Mai bis Anfang Oktober auch auf der Altm\u00fchl zwischen Kelheim und Riedenburg. [&hellip;]\" \/>\n<meta property=\"og:url\" content=\"https:\/\/tourismus.kelheim.de\/en\/schifffahrt\/\" \/>\n<meta property=\"og:site_name\" content=\"Kelheim Tourismus\" \/>\n<meta property=\"article:modified_time\" content=\"2025-11-16T11:52:53+00:00\" \/>\n<meta property=\"og:image\" content=\"https:\/\/tourismus.kelheim.de\/wp-content\/uploads\/2025\/09\/renate.jpg\" \/>\n\t<meta property=\"og:image:width\" content=\"1600\" \/>\n\t<meta property=\"og:image:height\" content=\"943\" \/>\n\t<meta property=\"og:image:type\" content=\"image\/jpeg\" \/>\n<meta name=\"twitter:card\" content=\"summary_large_image\" \/>\n<meta name=\"twitter:label1\" content=\"Est. reading time\" \/>\n\t<meta name=\"twitter:data1\" content=\"2 minutes\" \/>\n<script type=\"application\/ld+json\" class=\"yoast-schema-graph\">{\"@context\":\"https:\/\/schema.org\",\"@graph\":[{\"@type\":\"WebPage\",\"@id\":\"https:\/\/tourismus.kelheim.de\/schifffahrt\/\",\"url\":\"https:\/\/tourismus.kelheim.de\/schifffahrt\/\",\"name\":\"Schifffahrt - Kelheim Tourismus\",\"isPartOf\":{\"@id\":\"https:\/\/tourismus.kelheim.de\/#website\"},\"primaryImageOfPage\":{\"@id\":\"https:\/\/tourismus.kelheim.de\/schifffahrt\/#primaryimage\"},\"image\":{\"@id\":\"https:\/\/tourismus.kelheim.de\/schifffahrt\/#primaryimage\"},\"thumbnailUrl\":\"https:\/\/tourismus.kelheim.de\/wp-content\/uploads\/2025\/09\/renate.jpg\",\"datePublished\":\"2025-06-25T11:56:18+00:00\",\"dateModified\":\"2025-11-16T11:52:53+00:00\",\"breadcrumb\":{\"@id\":\"https:\/\/tourismus.kelheim.de\/schifffahrt\/#breadcrumb\"},\"inLanguage\":\"en-US\",\"potentialAction\":[{\"@type\":\"ReadAction\",\"target\":[\"https:\/\/tourismus.kelheim.de\/schifffahrt\/\"]}]},{\"@type\":\"ImageObject\",\"inLanguage\":\"en-US\",\"@id\":\"https:\/\/tourismus.kelheim.de\/schifffahrt\/#primaryimage\",\"url\":\"https:\/\/tourismus.kelheim.de\/wp-content\/uploads\/2025\/09\/renate.jpg\",\"contentUrl\":\"https:\/\/tourismus.kelheim.de\/wp-content\/uploads\/2025\/09\/renate.jpg\",\"width\":1600,\"height\":943},{\"@type\":\"BreadcrumbList\",\"@id\":\"https:\/\/tourismus.kelheim.de\/schifffahrt\/#breadcrumb\",\"itemListElement\":[{\"@type\":\"ListItem\",\"position\":1,\"name\":\"Startseite\",\"item\":\"https:\/\/tourismus.kelheim.de\/\"},{\"@type\":\"ListItem\",\"position\":2,\"name\":\"Schifffahrt\"}]},{\"@type\":\"WebSite\",\"@id\":\"https:\/\/tourismus.kelheim.de\/#website\",\"url\":\"https:\/\/tourismus.kelheim.de\/\",\"name\":\"Kelheim Tourismus\",\"description\":\"Wir freuen uns \u00fcber Ihren Besuch auf unserer Website.\",\"publisher\":{\"@id\":\"https:\/\/tourismus.kelheim.de\/#organization\"},\"potentialAction\":[{\"@type\":\"SearchAction\",\"target\":{\"@type\":\"EntryPoint\",\"urlTemplate\":\"https:\/\/tourismus.kelheim.de\/?s={search_term_string}\"},\"query-input\":{\"@type\":\"PropertyValueSpecification\",\"valueRequired\":true,\"valueName\":\"search_term_string\"}}],\"inLanguage\":\"en-US\"},{\"@type\":\"Organization\",\"@id\":\"https:\/\/tourismus.kelheim.de\/#organization\",\"name\":\"Kelheim Tourismus\",\"url\":\"https:\/\/tourismus.kelheim.de\/\",\"logo\":{\"@type\":\"ImageObject\",\"inLanguage\":\"en-US\",\"@id\":\"https:\/\/tourismus.kelheim.de\/#\/schema\/logo\/image\/\",\"url\":\"\",\"contentUrl\":\"\",\"caption\":\"Kelheim Tourismus\"},\"image\":{\"@id\":\"https:\/\/tourismus.kelheim.de\/#\/schema\/logo\/image\/\"}}]}<\/script>\n<!-- \/ Yoast SEO plugin. -->","yoast_head_json":{"title":"Boat trip - Kelheim Tourismus","robots":{"index":"index","follow":"follow","max-snippet":"max-snippet:-1","max-image-preview":"max-image-preview:large","max-video-preview":"max-video-preview:-1"},"canonical":"https:\/\/tourismus.kelheim.de\/en\/schifffahrt\/","og_locale":"en_US","og_type":"article","og_title":"Schifffahrt - Kelheim Tourismus","og_description":"Schifffahrt auf Donau und Main-Donau-Kanal An Bord der Ausflugsschiffe der Kelheimer Wei\u00dfen Flotte genie\u00dfen Fahrg\u00e4ste die einmalige Natursch\u00f6nheit des Donaudurchbruchs und lassen sich treiben. Zwischen M\u00e4rz und November verkehren die Ausflugsschiffe der Kelheimer Wei\u00dfen Flotte regelm\u00e4\u00dfig zwischen Kelheim und dem Kloster Weltenburg, von Mai bis Anfang Oktober auch auf der Altm\u00fchl zwischen Kelheim und Riedenburg. [&hellip;]","og_url":"https:\/\/tourismus.kelheim.de\/en\/schifffahrt\/","og_site_name":"Kelheim Tourismus","article_modified_time":"2025-11-16T11:52:53+00:00","og_image":[{"width":1600,"height":943,"url":"https:\/\/tourismus.kelheim.de\/wp-content\/uploads\/2025\/09\/renate.jpg","type":"image\/jpeg"}],"twitter_card":"summary_large_image","twitter_misc":{"Est. reading time":"2 minutes"},"schema":{"@context":"https:\/\/schema.org","@graph":[{"@type":"WebPage","@id":"https:\/\/tourismus.kelheim.de\/schifffahrt\/","url":"https:\/\/tourismus.kelheim.de\/schifffahrt\/","name":"Boat trip - Kelheim Tourismus","isPartOf":{"@id":"https:\/\/tourismus.kelheim.de\/#website"},"primaryImageOfPage":{"@id":"https:\/\/tourismus.kelheim.de\/schifffahrt\/#primaryimage"},"image":{"@id":"https:\/\/tourismus.kelheim.de\/schifffahrt\/#primaryimage"},"thumbnailUrl":"https:\/\/tourismus.kelheim.de\/wp-content\/uploads\/2025\/09\/renate.jpg","datePublished":"2025-06-25T11:56:18+00:00","dateModified":"2025-11-16T11:52:53+00:00","breadcrumb":{"@id":"https:\/\/tourismus.kelheim.de\/schifffahrt\/#breadcrumb"},"inLanguage":"en-US","potentialAction":[{"@type":"ReadAction","target":["https:\/\/tourismus.kelheim.de\/schifffahrt\/"]}]},{"@type":"ImageObject","inLanguage":"en-US","@id":"https:\/\/tourismus.kelheim.de\/schifffahrt\/#primaryimage","url":"https:\/\/tourismus.kelheim.de\/wp-content\/uploads\/2025\/09\/renate.jpg","contentUrl":"https:\/\/tourismus.kelheim.de\/wp-content\/uploads\/2025\/09\/renate.jpg","width":1600,"height":943},{"@type":"BreadcrumbList","@id":"https:\/\/tourismus.kelheim.de\/schifffahrt\/#breadcrumb","itemListElement":[{"@type":"ListItem","position":1,"name":"Startseite","item":"https:\/\/tourismus.kelheim.de\/"},{"@type":"ListItem","position":2,"name":"Schifffahrt"}]},{"@type":"WebSite","@id":"https:\/\/tourismus.kelheim.de\/#website","url":"https:\/\/tourismus.kelheim.de\/","name":"Kelheim Tourism","description":"We look forward to your visit to our website.","publisher":{"@id":"https:\/\/tourismus.kelheim.de\/#organization"},"potentialAction":[{"@type":"SearchAction","target":{"@type":"EntryPoint","urlTemplate":"https:\/\/tourismus.kelheim.de\/?s={search_term_string}"},"query-input":{"@type":"PropertyValueSpecification","valueRequired":true,"valueName":"search_term_string"}}],"inLanguage":"en-US"},{"@type":"Organization","@id":"https:\/\/tourismus.kelheim.de\/#organization","name":"Kelheim Tourism","url":"https:\/\/tourismus.kelheim.de\/","logo":{"@type":"ImageObject","inLanguage":"en-US","@id":"https:\/\/tourismus.kelheim.de\/#\/schema\/logo\/image\/","url":"","contentUrl":"","caption":"Kelheim Tourismus"},"image":{"@id":"https:\/\/tourismus.kelheim.de\/#\/schema\/logo\/image\/"}}]}},"_links":{"self":[{"href":"https:\/\/tourismus.kelheim.de\/en\/wp-json\/wp\/v2\/pages\/49454","targetHints":{"allow":["GET"]}}],"collection":[{"href":"https:\/\/tourismus.kelheim.de\/en\/wp-json\/wp\/v2\/pages"}],"about":[{"href":"https:\/\/tourismus.kelheim.de\/en\/wp-json\/wp\/v2\/types\/page"}],"author":[{"embeddable":true,"href":"https:\/\/tourismus.kelheim.de\/en\/wp-json\/wp\/v2\/users\/17"}],"replies":[{"embeddable":true,"href":"https:\/\/tourismus.kelheim.de\/en\/wp-json\/wp\/v2\/comments?post=49454"}],"version-history":[{"count":3,"href":"https:\/\/tourismus.kelheim.de\/en\/wp-json\/wp\/v2\/pages\/49454\/revisions"}],"predecessor-version":[{"id":53055,"href":"https:\/\/tourismus.kelheim.de\/en\/wp-json\/wp\/v2\/pages\/49454\/revisions\/53055"}],"wp:featuredmedia":[{"embeddable":true,"href":"https:\/\/tourismus.kelheim.de\/en\/wp-json\/wp\/v2\/media\/52088"}],"wp:attachment":[{"href":"https:\/\/tourismus.kelheim.de\/en\/wp-json\/wp\/v2\/media?parent=49454"}],"wp:term":[{"taxonomy":"category","embeddable":true,"href":"https:\/\/tourismus.kelheim.de\/en\/wp-json\/wp\/v2\/categories?post=49454"},{"taxonomy":"post_tag","embeddable":true,"href":"https:\/\/tourismus.kelheim.de\/en\/wp-json\/wp\/v2\/tags?post=49454"}],"curies":[{"name":"wp","href":"https:\/\/api.w.org\/{rel}","templated":true}]}}