{"id":49480,"date":"2025-06-25T14:10:32","date_gmt":"2025-06-25T12:10:32","guid":{"rendered":"https:\/\/tourismus.kelheim.de\/?page_id=49480"},"modified":"2025-09-22T09:17:16","modified_gmt":"2025-09-22T07:17:16","slug":"hotel","status":"publish","type":"page","link":"https:\/\/tourismus.kelheim.de\/en\/hotel\/","title":{"rendered":"Hotel"},"content":{"rendered":"<div data-elementor-type=\"wp-page\" data-elementor-id=\"49480\" class=\"elementor elementor-49480\" data-elementor-post-type=\"page\">\n\t\t\t\t<div class=\"elementor-element elementor-element-943745f elementor-repeater-item-ang_container_padding_7 e-flex e-con-boxed elementor-repeater-item-none elementor-repeater-item-none_hover e-con e-parent\" data-id=\"943745f\" data-element_type=\"container\" data-e-type=\"container\" data-settings=\"{&quot;ang_container_spacing_size&quot;:&quot;ang_container_padding_7&quot;,&quot;jet_parallax_layout_list&quot;:[]}\">\n\t\t\t\t\t<div class=\"e-con-inner\">\n\t\t\t\t<div class=\"elementor-element elementor-element-ea67ef7 elementor-repeater-item-none elementor-repeater-item-none_hover elementor-widget elementor-widget-heading\" data-id=\"ea67ef7\" data-element_type=\"widget\" data-e-type=\"widget\" data-widget_type=\"heading.default\">\n\t\t\t\t<div class=\"elementor-widget-container\">\n\t\t\t\t\t<h2 class=\"elementor-heading-title elementor-size-default\">Hotels in Kelheim\n<\/h2>\t\t\t\t<\/div>\n\t\t\t\t<\/div>\n\t\t\t\t<div class=\"elementor-element elementor-element-cb1fa16 elementor-repeater-item-none elementor-repeater-item-none_hover elementor-widget elementor-widget-text-editor\" data-id=\"cb1fa16\" data-element_type=\"widget\" data-e-type=\"widget\" data-widget_type=\"text-editor.default\">\n\t\t\t\t<div class=\"elementor-widget-container\">\n\t\t\t\t\t\t\t\t\t<p>The Kelheim hotels welcome their guests comfortably, cozily and in a prime location.<\/p>\t\t\t\t\t\t\t\t<\/div>\n\t\t\t\t<\/div>\n\t\t\t\t<div class=\"elementor-element elementor-element-7977d2f elementor-repeater-item-none elementor-repeater-item-none_hover elementor-widget elementor-widget-text-editor\" data-id=\"7977d2f\" data-element_type=\"widget\" data-e-type=\"widget\" data-widget_type=\"text-editor.default\">\n\t\t\t\t<div class=\"elementor-widget-container\">\n\t\t\t\t\t\t\t\t\t<p>In the middle of Kelheim's old town or in a particularly practical location for cyclists and active vacationers, you can enjoy warm service everywhere. Once you have found the right room, you can book it online. Or would you prefer a <a href=\"\/en\/ferienwohnung\/\">Vacation apartment<\/a> be?<\/p>\t\t\t\t\t\t\t\t<\/div>\n\t\t\t\t<\/div>\n\t\t\t\t<div class=\"elementor-element elementor-element-52086ce elementor-repeater-item-none elementor-repeater-item-none_hover elementor-widget elementor-widget-html\" data-id=\"52086ce\" data-element_type=\"widget\" data-e-type=\"widget\" data-widget_type=\"html.default\">\n\t\t\t\t<div class=\"elementor-widget-container\">\n\t\t\t\t\t<iframe name=\"myiFrame\" width=\"1200px\" height=\"1200px\" src=\"https:\/\/tportal.tomas.travel\/kelheim\/ukv\/\" scrolling=\"yes\" marginwidth=\"0\" marginheight=\"0\" style=\"border:0px none #ffffff;\"><\/iframe>\t\t\t\t<\/div>\n\t\t\t\t<\/div>\n\t\t\t\t\t<\/div>\n\t\t\t\t<\/div>\n\t\t\t\t<\/div>","protected":false},"excerpt":{"rendered":"<p>Hotels in Kelheim Comfortable, cozy and in the best locations, Kelheim's hotels welcome their guests. In the middle of Kelheim's old town or in a particularly practical location for cyclists and active vacationers, you can enjoy warm service everywhere. Once you've found the right place, you can book your room online. Or would you prefer a vacation apartment?<\/p>","protected":false},"author":17,"featured_media":51806,"parent":0,"menu_order":0,"comment_status":"closed","ping_status":"closed","template":"","meta":{"iawp_total_views":1033,"footnotes":""},"categories":[],"tags":[],"class_list":["post-49480","page","type-page","status-publish","has-post-thumbnail","hentry"],"yoast_head":"<!-- This site is optimized with the Yoast SEO plugin v26.9 - https:\/\/yoast.com\/product\/yoast-seo-wordpress\/ -->\n<title>Hotel - Kelheim Tourismus<\/title>\n<meta name=\"robots\" content=\"index, follow, max-snippet:-1, max-image-preview:large, max-video-preview:-1\" \/>\n<link rel=\"canonical\" href=\"https:\/\/tourismus.kelheim.de\/en\/hotel\/\" \/>\n<meta property=\"og:locale\" content=\"en_US\" \/>\n<meta property=\"og:type\" content=\"article\" \/>\n<meta property=\"og:title\" content=\"Hotel - Kelheim Tourismus\" \/>\n<meta property=\"og:description\" content=\"Hotels in Kelheim Komfortabel, gem\u00fctlich und in bester Lage hei\u00dfen die Kelheimer Hotels ihre G\u00e4ste willkommen. Mitten in der Kelheimer Altstadt oder in besonders praktischer Lage f\u00fcr Radler und Aktivurlauber, \u00fcberall genie\u00dft man herzlichen Service. Wer das Passende gefunden hat, kann sein Zimmer gleich online buchen. Oder soll es lieber eine Ferienwohnung sein?\" \/>\n<meta property=\"og:url\" content=\"https:\/\/tourismus.kelheim.de\/en\/hotel\/\" \/>\n<meta property=\"og:site_name\" content=\"Kelheim Tourismus\" \/>\n<meta property=\"article:modified_time\" content=\"2025-09-22T07:17:16+00:00\" \/>\n<meta property=\"og:image\" content=\"https:\/\/tourismus.kelheim.de\/wp-content\/uploads\/2025\/09\/13219165_header-unterkunft-1.webp\" \/>\n\t<meta property=\"og:image:width\" content=\"2000\" \/>\n\t<meta property=\"og:image:height\" content=\"600\" \/>\n\t<meta property=\"og:image:type\" content=\"image\/webp\" \/>\n<meta name=\"twitter:card\" content=\"summary_large_image\" \/>\n<meta name=\"twitter:label1\" content=\"Est. reading time\" \/>\n\t<meta name=\"twitter:data1\" content=\"1 minute\" \/>\n<script type=\"application\/ld+json\" class=\"yoast-schema-graph\">{\"@context\":\"https:\/\/schema.org\",\"@graph\":[{\"@type\":\"WebPage\",\"@id\":\"https:\/\/tourismus.kelheim.de\/hotel\/\",\"url\":\"https:\/\/tourismus.kelheim.de\/hotel\/\",\"name\":\"Hotel - Kelheim Tourismus\",\"isPartOf\":{\"@id\":\"https:\/\/tourismus.kelheim.de\/#website\"},\"primaryImageOfPage\":{\"@id\":\"https:\/\/tourismus.kelheim.de\/hotel\/#primaryimage\"},\"image\":{\"@id\":\"https:\/\/tourismus.kelheim.de\/hotel\/#primaryimage\"},\"thumbnailUrl\":\"https:\/\/tourismus.kelheim.de\/wp-content\/uploads\/2025\/09\/13219165_header-unterkunft-1.webp\",\"datePublished\":\"2025-06-25T12:10:32+00:00\",\"dateModified\":\"2025-09-22T07:17:16+00:00\",\"breadcrumb\":{\"@id\":\"https:\/\/tourismus.kelheim.de\/hotel\/#breadcrumb\"},\"inLanguage\":\"en-US\",\"potentialAction\":[{\"@type\":\"ReadAction\",\"target\":[\"https:\/\/tourismus.kelheim.de\/hotel\/\"]}]},{\"@type\":\"ImageObject\",\"inLanguage\":\"en-US\",\"@id\":\"https:\/\/tourismus.kelheim.de\/hotel\/#primaryimage\",\"url\":\"https:\/\/tourismus.kelheim.de\/wp-content\/uploads\/2025\/09\/13219165_header-unterkunft-1.webp\",\"contentUrl\":\"https:\/\/tourismus.kelheim.de\/wp-content\/uploads\/2025\/09\/13219165_header-unterkunft-1.webp\",\"width\":2000,\"height\":600},{\"@type\":\"BreadcrumbList\",\"@id\":\"https:\/\/tourismus.kelheim.de\/hotel\/#breadcrumb\",\"itemListElement\":[{\"@type\":\"ListItem\",\"position\":1,\"name\":\"Startseite\",\"item\":\"https:\/\/tourismus.kelheim.de\/\"},{\"@type\":\"ListItem\",\"position\":2,\"name\":\"Hotel\"}]},{\"@type\":\"WebSite\",\"@id\":\"https:\/\/tourismus.kelheim.de\/#website\",\"url\":\"https:\/\/tourismus.kelheim.de\/\",\"name\":\"Kelheim Tourismus\",\"description\":\"Wir freuen uns \u00fcber Ihren Besuch auf unserer Website.\",\"publisher\":{\"@id\":\"https:\/\/tourismus.kelheim.de\/#organization\"},\"potentialAction\":[{\"@type\":\"SearchAction\",\"target\":{\"@type\":\"EntryPoint\",\"urlTemplate\":\"https:\/\/tourismus.kelheim.de\/?s={search_term_string}\"},\"query-input\":{\"@type\":\"PropertyValueSpecification\",\"valueRequired\":true,\"valueName\":\"search_term_string\"}}],\"inLanguage\":\"en-US\"},{\"@type\":\"Organization\",\"@id\":\"https:\/\/tourismus.kelheim.de\/#organization\",\"name\":\"Kelheim Tourismus\",\"url\":\"https:\/\/tourismus.kelheim.de\/\",\"logo\":{\"@type\":\"ImageObject\",\"inLanguage\":\"en-US\",\"@id\":\"https:\/\/tourismus.kelheim.de\/#\/schema\/logo\/image\/\",\"url\":\"\",\"contentUrl\":\"\",\"caption\":\"Kelheim Tourismus\"},\"image\":{\"@id\":\"https:\/\/tourismus.kelheim.de\/#\/schema\/logo\/image\/\"}}]}<\/script>\n<!-- \/ Yoast SEO plugin. -->","yoast_head_json":{"title":"Hotel - Kelheim Tourism","robots":{"index":"index","follow":"follow","max-snippet":"max-snippet:-1","max-image-preview":"max-image-preview:large","max-video-preview":"max-video-preview:-1"},"canonical":"https:\/\/tourismus.kelheim.de\/en\/hotel\/","og_locale":"en_US","og_type":"article","og_title":"Hotel - Kelheim Tourismus","og_description":"Hotels in Kelheim Komfortabel, gem\u00fctlich und in bester Lage hei\u00dfen die Kelheimer Hotels ihre G\u00e4ste willkommen. Mitten in der Kelheimer Altstadt oder in besonders praktischer Lage f\u00fcr Radler und Aktivurlauber, \u00fcberall genie\u00dft man herzlichen Service. Wer das Passende gefunden hat, kann sein Zimmer gleich online buchen. Oder soll es lieber eine Ferienwohnung sein?","og_url":"https:\/\/tourismus.kelheim.de\/en\/hotel\/","og_site_name":"Kelheim Tourismus","article_modified_time":"2025-09-22T07:17:16+00:00","og_image":[{"width":2000,"height":600,"url":"https:\/\/tourismus.kelheim.de\/wp-content\/uploads\/2025\/09\/13219165_header-unterkunft-1.webp","type":"image\/webp"}],"twitter_card":"summary_large_image","twitter_misc":{"Est. reading time":"1 minute"},"schema":{"@context":"https:\/\/schema.org","@graph":[{"@type":"WebPage","@id":"https:\/\/tourismus.kelheim.de\/hotel\/","url":"https:\/\/tourismus.kelheim.de\/hotel\/","name":"Hotel - Kelheim Tourism","isPartOf":{"@id":"https:\/\/tourismus.kelheim.de\/#website"},"primaryImageOfPage":{"@id":"https:\/\/tourismus.kelheim.de\/hotel\/#primaryimage"},"image":{"@id":"https:\/\/tourismus.kelheim.de\/hotel\/#primaryimage"},"thumbnailUrl":"https:\/\/tourismus.kelheim.de\/wp-content\/uploads\/2025\/09\/13219165_header-unterkunft-1.webp","datePublished":"2025-06-25T12:10:32+00:00","dateModified":"2025-09-22T07:17:16+00:00","breadcrumb":{"@id":"https:\/\/tourismus.kelheim.de\/hotel\/#breadcrumb"},"inLanguage":"en-US","potentialAction":[{"@type":"ReadAction","target":["https:\/\/tourismus.kelheim.de\/hotel\/"]}]},{"@type":"ImageObject","inLanguage":"en-US","@id":"https:\/\/tourismus.kelheim.de\/hotel\/#primaryimage","url":"https:\/\/tourismus.kelheim.de\/wp-content\/uploads\/2025\/09\/13219165_header-unterkunft-1.webp","contentUrl":"https:\/\/tourismus.kelheim.de\/wp-content\/uploads\/2025\/09\/13219165_header-unterkunft-1.webp","width":2000,"height":600},{"@type":"BreadcrumbList","@id":"https:\/\/tourismus.kelheim.de\/hotel\/#breadcrumb","itemListElement":[{"@type":"ListItem","position":1,"name":"Startseite","item":"https:\/\/tourismus.kelheim.de\/"},{"@type":"ListItem","position":2,"name":"Hotel"}]},{"@type":"WebSite","@id":"https:\/\/tourismus.kelheim.de\/#website","url":"https:\/\/tourismus.kelheim.de\/","name":"Kelheim Tourism","description":"We look forward to your visit to our website.","publisher":{"@id":"https:\/\/tourismus.kelheim.de\/#organization"},"potentialAction":[{"@type":"SearchAction","target":{"@type":"EntryPoint","urlTemplate":"https:\/\/tourismus.kelheim.de\/?s={search_term_string}"},"query-input":{"@type":"PropertyValueSpecification","valueRequired":true,"valueName":"search_term_string"}}],"inLanguage":"en-US"},{"@type":"Organization","@id":"https:\/\/tourismus.kelheim.de\/#organization","name":"Kelheim Tourism","url":"https:\/\/tourismus.kelheim.de\/","logo":{"@type":"ImageObject","inLanguage":"en-US","@id":"https:\/\/tourismus.kelheim.de\/#\/schema\/logo\/image\/","url":"","contentUrl":"","caption":"Kelheim Tourismus"},"image":{"@id":"https:\/\/tourismus.kelheim.de\/#\/schema\/logo\/image\/"}}]}},"_links":{"self":[{"href":"https:\/\/tourismus.kelheim.de\/en\/wp-json\/wp\/v2\/pages\/49480","targetHints":{"allow":["GET"]}}],"collection":[{"href":"https:\/\/tourismus.kelheim.de\/en\/wp-json\/wp\/v2\/pages"}],"about":[{"href":"https:\/\/tourismus.kelheim.de\/en\/wp-json\/wp\/v2\/types\/page"}],"author":[{"embeddable":true,"href":"https:\/\/tourismus.kelheim.de\/en\/wp-json\/wp\/v2\/users\/17"}],"replies":[{"embeddable":true,"href":"https:\/\/tourismus.kelheim.de\/en\/wp-json\/wp\/v2\/comments?post=49480"}],"version-history":[{"count":0,"href":"https:\/\/tourismus.kelheim.de\/en\/wp-json\/wp\/v2\/pages\/49480\/revisions"}],"wp:featuredmedia":[{"embeddable":true,"href":"https:\/\/tourismus.kelheim.de\/en\/wp-json\/wp\/v2\/media\/51806"}],"wp:attachment":[{"href":"https:\/\/tourismus.kelheim.de\/en\/wp-json\/wp\/v2\/media?parent=49480"}],"wp:term":[{"taxonomy":"category","embeddable":true,"href":"https:\/\/tourismus.kelheim.de\/en\/wp-json\/wp\/v2\/categories?post=49480"},{"taxonomy":"post_tag","embeddable":true,"href":"https:\/\/tourismus.kelheim.de\/en\/wp-json\/wp\/v2\/tags?post=49480"}],"curies":[{"name":"wp","href":"https:\/\/api.w.org\/{rel}","templated":true}]}}