{"id":49481,"date":"2025-06-25T14:10:38","date_gmt":"2025-06-25T12:10:38","guid":{"rendered":"https:\/\/tourismus.kelheim.de\/?page_id=49481"},"modified":"2025-09-22T09:14:50","modified_gmt":"2025-09-22T07:14:50","slug":"ferienwohnung","status":"publish","type":"page","link":"https:\/\/tourismus.kelheim.de\/en\/ferienwohnung\/","title":{"rendered":"Vacation apartment"},"content":{"rendered":"<div data-elementor-type=\"wp-page\" data-elementor-id=\"49481\" class=\"elementor elementor-49481\" data-elementor-post-type=\"page\">\n\t\t\t\t<div class=\"elementor-element elementor-element-ccec7fa elementor-repeater-item-ang_container_padding_7 e-flex e-con-boxed elementor-repeater-item-none elementor-repeater-item-none_hover e-con e-parent\" data-id=\"ccec7fa\" data-element_type=\"container\" data-e-type=\"container\" data-settings=\"{&quot;ang_container_spacing_size&quot;:&quot;ang_container_padding_7&quot;,&quot;jet_parallax_layout_list&quot;:[]}\">\n\t\t\t\t\t<div class=\"e-con-inner\">\n\t\t\t\t<div class=\"elementor-element elementor-element-ff8567a elementor-repeater-item-none elementor-repeater-item-none_hover elementor-widget elementor-widget-heading\" data-id=\"ff8567a\" data-element_type=\"widget\" data-e-type=\"widget\" data-widget_type=\"heading.default\">\n\t\t\t\t<div class=\"elementor-widget-container\">\n\t\t\t\t\t<h2 class=\"elementor-heading-title elementor-size-default\">Vacation apartments in Kelheim\n<\/h2>\t\t\t\t<\/div>\n\t\t\t\t<\/div>\n\t\t\t\t<div class=\"elementor-element elementor-element-ec5cfbb elementor-repeater-item-none elementor-repeater-item-none_hover elementor-widget elementor-widget-text-editor\" data-id=\"ec5cfbb\" data-element_type=\"widget\" data-e-type=\"widget\" data-widget_type=\"text-editor.default\">\n\t\t\t\t<div class=\"elementor-widget-container\">\n\t\t\t\t\t\t\t\t\tFeel at home in Kelheim - in a vacation apartment to suit your needs.\n\n\t\t\t\t\t\t\t\t<\/div>\n\t\t\t\t<\/div>\n\t\t\t\t<div class=\"elementor-element elementor-element-3daea25 elementor-repeater-item-none elementor-repeater-item-none_hover elementor-widget elementor-widget-text-editor\" data-id=\"3daea25\" data-element_type=\"widget\" data-e-type=\"widget\" data-widget_type=\"text-editor.default\">\n\t\t\t\t<div class=\"elementor-widget-container\">\n\t\t\t\t\t\t\t\t\t<p>Outside the large garden, inside sunny, cozy rooms: the Kelheim vacation apartments are an ideal domicile for a family vacation. The spectrum ranges from modern, loft-style apartments to rustic wooden cottages. A special experience for children is a vacation on the Kelheim <a href=\"\/en\/urlaub-auf-dem-bauernhof\/\">Vacation farms<\/a>.<\/p>\t\t\t\t\t\t\t\t<\/div>\n\t\t\t\t<\/div>\n\t\t\t\t<div class=\"elementor-element elementor-element-36a92dc elementor-repeater-item-none elementor-repeater-item-none_hover elementor-widget elementor-widget-html\" data-id=\"36a92dc\" data-element_type=\"widget\" data-e-type=\"widget\" data-widget_type=\"html.default\">\n\t\t\t\t<div class=\"elementor-widget-container\">\n\t\t\t\t\t<iframe name=\"myiFrame\" width=\"1200px\" height=\"1200px\" src=\"https:\/\/tportal.tomas.travel\/kelheim\/ukv\/\" scrolling=\"yes\" marginwidth=\"0\" marginheight=\"0\" style=\"border:0px none #ffffff;\"><\/iframe>\t\t\t\t<\/div>\n\t\t\t\t<\/div>\n\t\t\t\t\t<\/div>\n\t\t\t\t<\/div>\n\t\t\t\t<\/div>","protected":false},"excerpt":{"rendered":"<p>Vacation apartments in Kelheim Feel at home in Kelheim - in a vacation apartment to suit your needs. Outside the large garden, inside sunny, cozy rooms: Kelheim's vacation apartments are the ideal domicile for a family vacation. The spectrum ranges from modern, loft-style apartments to rustic wooden cottages. A special experience for children is the [...]<\/p>","protected":false},"author":17,"featured_media":52060,"parent":0,"menu_order":0,"comment_status":"closed","ping_status":"closed","template":"","meta":{"iawp_total_views":806,"footnotes":""},"categories":[],"tags":[],"class_list":["post-49481","page","type-page","status-publish","has-post-thumbnail","hentry"],"yoast_head":"<!-- This site is optimized with the Yoast SEO plugin v26.9 - https:\/\/yoast.com\/product\/yoast-seo-wordpress\/ -->\n<title>Ferienwohnung - Kelheim Tourismus<\/title>\n<meta name=\"robots\" content=\"index, follow, max-snippet:-1, max-image-preview:large, max-video-preview:-1\" \/>\n<link rel=\"canonical\" href=\"https:\/\/tourismus.kelheim.de\/en\/ferienwohnung\/\" \/>\n<meta property=\"og:locale\" content=\"en_US\" \/>\n<meta property=\"og:type\" content=\"article\" \/>\n<meta property=\"og:title\" content=\"Ferienwohnung - Kelheim Tourismus\" \/>\n<meta property=\"og:description\" content=\"Ferienwohnungen in Kelheim F\u00fchlen Sie sich in Kelheim zuhause \u2013 in einer Ferienwohnung ganz nach Ihren Anspr\u00fcchen. Drau\u00dfen der gro\u00dfe Garten, drinnen sonnige, gem\u00fctliche R\u00e4ume: Die Kelheimer Ferienwohnungen sind ein ideales Domizil f\u00fcr den Familienurlaub. Das Spektrum reicht von der modern gestalteten, loftartigen Wohnung bis zum urigen Holzh\u00e4uschen. Ein besonderes Erlebnis f\u00fcr Kinder ist der [&hellip;]\" \/>\n<meta property=\"og:url\" content=\"https:\/\/tourismus.kelheim.de\/en\/ferienwohnung\/\" \/>\n<meta property=\"og:site_name\" content=\"Kelheim Tourismus\" \/>\n<meta property=\"article:modified_time\" content=\"2025-09-22T07:14:50+00:00\" \/>\n<meta property=\"og:image\" content=\"https:\/\/tourismus.kelheim.de\/wp-content\/uploads\/2025\/09\/flower-1518701-scaled.jpg\" \/>\n\t<meta property=\"og:image:width\" content=\"2048\" \/>\n\t<meta property=\"og:image:height\" content=\"1362\" \/>\n\t<meta property=\"og:image:type\" content=\"image\/jpeg\" \/>\n<meta name=\"twitter:card\" content=\"summary_large_image\" \/>\n<meta name=\"twitter:label1\" content=\"Est. reading time\" \/>\n\t<meta name=\"twitter:data1\" content=\"1 minute\" \/>\n<script type=\"application\/ld+json\" class=\"yoast-schema-graph\">{\"@context\":\"https:\/\/schema.org\",\"@graph\":[{\"@type\":\"WebPage\",\"@id\":\"https:\/\/tourismus.kelheim.de\/ferienwohnung\/\",\"url\":\"https:\/\/tourismus.kelheim.de\/ferienwohnung\/\",\"name\":\"Ferienwohnung - Kelheim Tourismus\",\"isPartOf\":{\"@id\":\"https:\/\/tourismus.kelheim.de\/#website\"},\"primaryImageOfPage\":{\"@id\":\"https:\/\/tourismus.kelheim.de\/ferienwohnung\/#primaryimage\"},\"image\":{\"@id\":\"https:\/\/tourismus.kelheim.de\/ferienwohnung\/#primaryimage\"},\"thumbnailUrl\":\"https:\/\/tourismus.kelheim.de\/wp-content\/uploads\/2025\/09\/flower-1518701-scaled.jpg\",\"datePublished\":\"2025-06-25T12:10:38+00:00\",\"dateModified\":\"2025-09-22T07:14:50+00:00\",\"breadcrumb\":{\"@id\":\"https:\/\/tourismus.kelheim.de\/ferienwohnung\/#breadcrumb\"},\"inLanguage\":\"en-US\",\"potentialAction\":[{\"@type\":\"ReadAction\",\"target\":[\"https:\/\/tourismus.kelheim.de\/ferienwohnung\/\"]}]},{\"@type\":\"ImageObject\",\"inLanguage\":\"en-US\",\"@id\":\"https:\/\/tourismus.kelheim.de\/ferienwohnung\/#primaryimage\",\"url\":\"https:\/\/tourismus.kelheim.de\/wp-content\/uploads\/2025\/09\/flower-1518701-scaled.jpg\",\"contentUrl\":\"https:\/\/tourismus.kelheim.de\/wp-content\/uploads\/2025\/09\/flower-1518701-scaled.jpg\",\"width\":2048,\"height\":1362},{\"@type\":\"BreadcrumbList\",\"@id\":\"https:\/\/tourismus.kelheim.de\/ferienwohnung\/#breadcrumb\",\"itemListElement\":[{\"@type\":\"ListItem\",\"position\":1,\"name\":\"Startseite\",\"item\":\"https:\/\/tourismus.kelheim.de\/\"},{\"@type\":\"ListItem\",\"position\":2,\"name\":\"Ferienwohnung\"}]},{\"@type\":\"WebSite\",\"@id\":\"https:\/\/tourismus.kelheim.de\/#website\",\"url\":\"https:\/\/tourismus.kelheim.de\/\",\"name\":\"Kelheim Tourismus\",\"description\":\"Wir freuen uns \u00fcber Ihren Besuch auf unserer Website.\",\"publisher\":{\"@id\":\"https:\/\/tourismus.kelheim.de\/#organization\"},\"potentialAction\":[{\"@type\":\"SearchAction\",\"target\":{\"@type\":\"EntryPoint\",\"urlTemplate\":\"https:\/\/tourismus.kelheim.de\/?s={search_term_string}\"},\"query-input\":{\"@type\":\"PropertyValueSpecification\",\"valueRequired\":true,\"valueName\":\"search_term_string\"}}],\"inLanguage\":\"en-US\"},{\"@type\":\"Organization\",\"@id\":\"https:\/\/tourismus.kelheim.de\/#organization\",\"name\":\"Kelheim Tourismus\",\"url\":\"https:\/\/tourismus.kelheim.de\/\",\"logo\":{\"@type\":\"ImageObject\",\"inLanguage\":\"en-US\",\"@id\":\"https:\/\/tourismus.kelheim.de\/#\/schema\/logo\/image\/\",\"url\":\"\",\"contentUrl\":\"\",\"caption\":\"Kelheim Tourismus\"},\"image\":{\"@id\":\"https:\/\/tourismus.kelheim.de\/#\/schema\/logo\/image\/\"}}]}<\/script>\n<!-- \/ Yoast SEO plugin. -->","yoast_head_json":{"title":"Vacation apartment - Kelheim Tourismus","robots":{"index":"index","follow":"follow","max-snippet":"max-snippet:-1","max-image-preview":"max-image-preview:large","max-video-preview":"max-video-preview:-1"},"canonical":"https:\/\/tourismus.kelheim.de\/en\/ferienwohnung\/","og_locale":"en_US","og_type":"article","og_title":"Ferienwohnung - Kelheim Tourismus","og_description":"Ferienwohnungen in Kelheim F\u00fchlen Sie sich in Kelheim zuhause \u2013 in einer Ferienwohnung ganz nach Ihren Anspr\u00fcchen. Drau\u00dfen der gro\u00dfe Garten, drinnen sonnige, gem\u00fctliche R\u00e4ume: Die Kelheimer Ferienwohnungen sind ein ideales Domizil f\u00fcr den Familienurlaub. Das Spektrum reicht von der modern gestalteten, loftartigen Wohnung bis zum urigen Holzh\u00e4uschen. Ein besonderes Erlebnis f\u00fcr Kinder ist der [&hellip;]","og_url":"https:\/\/tourismus.kelheim.de\/en\/ferienwohnung\/","og_site_name":"Kelheim Tourismus","article_modified_time":"2025-09-22T07:14:50+00:00","og_image":[{"width":2048,"height":1362,"url":"https:\/\/tourismus.kelheim.de\/wp-content\/uploads\/2025\/09\/flower-1518701-scaled.jpg","type":"image\/jpeg"}],"twitter_card":"summary_large_image","twitter_misc":{"Est. reading time":"1 minute"},"schema":{"@context":"https:\/\/schema.org","@graph":[{"@type":"WebPage","@id":"https:\/\/tourismus.kelheim.de\/ferienwohnung\/","url":"https:\/\/tourismus.kelheim.de\/ferienwohnung\/","name":"Vacation apartment - Kelheim Tourismus","isPartOf":{"@id":"https:\/\/tourismus.kelheim.de\/#website"},"primaryImageOfPage":{"@id":"https:\/\/tourismus.kelheim.de\/ferienwohnung\/#primaryimage"},"image":{"@id":"https:\/\/tourismus.kelheim.de\/ferienwohnung\/#primaryimage"},"thumbnailUrl":"https:\/\/tourismus.kelheim.de\/wp-content\/uploads\/2025\/09\/flower-1518701-scaled.jpg","datePublished":"2025-06-25T12:10:38+00:00","dateModified":"2025-09-22T07:14:50+00:00","breadcrumb":{"@id":"https:\/\/tourismus.kelheim.de\/ferienwohnung\/#breadcrumb"},"inLanguage":"en-US","potentialAction":[{"@type":"ReadAction","target":["https:\/\/tourismus.kelheim.de\/ferienwohnung\/"]}]},{"@type":"ImageObject","inLanguage":"en-US","@id":"https:\/\/tourismus.kelheim.de\/ferienwohnung\/#primaryimage","url":"https:\/\/tourismus.kelheim.de\/wp-content\/uploads\/2025\/09\/flower-1518701-scaled.jpg","contentUrl":"https:\/\/tourismus.kelheim.de\/wp-content\/uploads\/2025\/09\/flower-1518701-scaled.jpg","width":2048,"height":1362},{"@type":"BreadcrumbList","@id":"https:\/\/tourismus.kelheim.de\/ferienwohnung\/#breadcrumb","itemListElement":[{"@type":"ListItem","position":1,"name":"Startseite","item":"https:\/\/tourismus.kelheim.de\/"},{"@type":"ListItem","position":2,"name":"Ferienwohnung"}]},{"@type":"WebSite","@id":"https:\/\/tourismus.kelheim.de\/#website","url":"https:\/\/tourismus.kelheim.de\/","name":"Kelheim Tourism","description":"We look forward to your visit to our website.","publisher":{"@id":"https:\/\/tourismus.kelheim.de\/#organization"},"potentialAction":[{"@type":"SearchAction","target":{"@type":"EntryPoint","urlTemplate":"https:\/\/tourismus.kelheim.de\/?s={search_term_string}"},"query-input":{"@type":"PropertyValueSpecification","valueRequired":true,"valueName":"search_term_string"}}],"inLanguage":"en-US"},{"@type":"Organization","@id":"https:\/\/tourismus.kelheim.de\/#organization","name":"Kelheim Tourism","url":"https:\/\/tourismus.kelheim.de\/","logo":{"@type":"ImageObject","inLanguage":"en-US","@id":"https:\/\/tourismus.kelheim.de\/#\/schema\/logo\/image\/","url":"","contentUrl":"","caption":"Kelheim Tourismus"},"image":{"@id":"https:\/\/tourismus.kelheim.de\/#\/schema\/logo\/image\/"}}]}},"_links":{"self":[{"href":"https:\/\/tourismus.kelheim.de\/en\/wp-json\/wp\/v2\/pages\/49481","targetHints":{"allow":["GET"]}}],"collection":[{"href":"https:\/\/tourismus.kelheim.de\/en\/wp-json\/wp\/v2\/pages"}],"about":[{"href":"https:\/\/tourismus.kelheim.de\/en\/wp-json\/wp\/v2\/types\/page"}],"author":[{"embeddable":true,"href":"https:\/\/tourismus.kelheim.de\/en\/wp-json\/wp\/v2\/users\/17"}],"replies":[{"embeddable":true,"href":"https:\/\/tourismus.kelheim.de\/en\/wp-json\/wp\/v2\/comments?post=49481"}],"version-history":[{"count":0,"href":"https:\/\/tourismus.kelheim.de\/en\/wp-json\/wp\/v2\/pages\/49481\/revisions"}],"wp:featuredmedia":[{"embeddable":true,"href":"https:\/\/tourismus.kelheim.de\/en\/wp-json\/wp\/v2\/media\/52060"}],"wp:attachment":[{"href":"https:\/\/tourismus.kelheim.de\/en\/wp-json\/wp\/v2\/media?parent=49481"}],"wp:term":[{"taxonomy":"category","embeddable":true,"href":"https:\/\/tourismus.kelheim.de\/en\/wp-json\/wp\/v2\/categories?post=49481"},{"taxonomy":"post_tag","embeddable":true,"href":"https:\/\/tourismus.kelheim.de\/en\/wp-json\/wp\/v2\/tags?post=49481"}],"curies":[{"name":"wp","href":"https:\/\/api.w.org\/{rel}","templated":true}]}}