{"id":49488,"date":"2025-06-25T14:11:38","date_gmt":"2025-06-25T12:11:38","guid":{"rendered":"https:\/\/tourismus.kelheim.de\/?page_id=49488"},"modified":"2025-09-22T09:00:51","modified_gmt":"2025-09-22T07:00:51","slug":"urlaub-auf-dem-bauernhof","status":"publish","type":"page","link":"https:\/\/tourismus.kelheim.de\/en\/urlaub-auf-dem-bauernhof\/","title":{"rendered":"Vacation on the farm"},"content":{"rendered":"<div data-elementor-type=\"wp-page\" data-elementor-id=\"49488\" class=\"elementor elementor-49488\" data-elementor-post-type=\"page\">\n\t\t\t\t<div class=\"elementor-element elementor-element-1aa3206 elementor-repeater-item-ang_container_padding_7 e-flex e-con-boxed elementor-repeater-item-none elementor-repeater-item-none_hover e-con e-parent\" data-id=\"1aa3206\" data-element_type=\"container\" data-e-type=\"container\" data-settings=\"{&quot;ang_container_spacing_size&quot;:&quot;ang_container_padding_7&quot;,&quot;jet_parallax_layout_list&quot;:[]}\">\n\t\t\t\t\t<div class=\"e-con-inner\">\n\t\t\t\t<div class=\"elementor-element elementor-element-d5a6320 elementor-repeater-item-none elementor-repeater-item-none_hover elementor-widget elementor-widget-heading\" data-id=\"d5a6320\" data-element_type=\"widget\" data-e-type=\"widget\" data-widget_type=\"heading.default\">\n\t\t\t\t<div class=\"elementor-widget-container\">\n\t\t\t\t\t<h2 class=\"elementor-heading-title elementor-size-default\">Vacation on the farm\n<\/h2>\t\t\t\t<\/div>\n\t\t\t\t<\/div>\n\t\t\t\t<div class=\"elementor-element elementor-element-e056e85 elementor-repeater-item-none elementor-repeater-item-none_hover elementor-widget elementor-widget-text-editor\" data-id=\"e056e85\" data-element_type=\"widget\" data-e-type=\"widget\" data-widget_type=\"text-editor.default\">\n\t\t\t\t<div class=\"elementor-widget-container\">\n\t\t\t\t\t\t\t\t\tPonies and donkeys are already waiting: Families spend an eventful, carefree vacation at the Kelheim vacation farms.\t\t\t\t\t\t\t\t<\/div>\n\t\t\t\t<\/div>\n\t\t\t\t<div class=\"elementor-element elementor-element-34d7f20 elementor-repeater-item-none elementor-repeater-item-none_hover elementor-widget elementor-widget-text-editor\" data-id=\"34d7f20\" data-element_type=\"widget\" data-e-type=\"widget\" data-widget_type=\"text-editor.default\">\n\t\t\t\t<div class=\"elementor-widget-container\">\n\t\t\t\t\t\t\t\t\t<p>Stroking and feeding animals, romping in the garden or maybe even riding on the tractor: Farm vacations are the greatest thing for children. Accommodated in cozy vacation apartments, families enjoy their vacation in Kelheim. The ducal city also offers them all kinds of leisure activities - from the <a href=\"\/en\/schifffahrt\/\">Shipping<\/a> until <a href=\"\/en\/adressen\/erlebnisbad-keldorado\/\">Adventure pool<\/a>.<\/p>\t\t\t\t\t\t\t\t<\/div>\n\t\t\t\t<\/div>\n\t\t\t\t<div class=\"elementor-element elementor-element-5f52251 elementor-repeater-item-none elementor-repeater-item-none_hover elementor-widget elementor-widget-html\" data-id=\"5f52251\" data-element_type=\"widget\" data-e-type=\"widget\" data-widget_type=\"html.default\">\n\t\t\t\t<div class=\"elementor-widget-container\">\n\t\t\t\t\t<iframe name=\"myiFrame\" width=\"1200px\" height=\"1200px\" src=\"https:\/\/tportal.tomas.travel\/kelheim\/ukv\/\" scrolling=\"yes\" marginwidth=\"0\" marginheight=\"0\" style=\"border:0px none #ffffff;\"><\/iframe>\t\t\t\t<\/div>\n\t\t\t\t<\/div>\n\t\t\t\t\t<\/div>\n\t\t\t\t<\/div>\n\t\t\t\t<\/div>","protected":false},"excerpt":{"rendered":"<p>Vacations on the farm Pony and donkey are already waiting: Families spend an eventful, carefree vacation on the Kelheim vacation farms. Pet and feed the animals, romp around in the garden or maybe even take a ride on the tractor: Vacations on a farm are the greatest thing for children. Accommodated in cozy vacation apartments, families enjoy their vacation in Kelheim. The ducal town offers [...]<\/p>","protected":false},"author":17,"featured_media":52057,"parent":0,"menu_order":0,"comment_status":"closed","ping_status":"closed","template":"","meta":{"iawp_total_views":97,"footnotes":""},"categories":[],"tags":[],"class_list":["post-49488","page","type-page","status-publish","has-post-thumbnail","hentry"],"yoast_head":"<!-- This site is optimized with the Yoast SEO plugin v26.9 - https:\/\/yoast.com\/product\/yoast-seo-wordpress\/ -->\n<title>Urlaub auf dem Bauernhof - Kelheim Tourismus<\/title>\n<meta name=\"robots\" content=\"index, follow, max-snippet:-1, max-image-preview:large, max-video-preview:-1\" \/>\n<link rel=\"canonical\" href=\"https:\/\/tourismus.kelheim.de\/en\/urlaub-auf-dem-bauernhof\/\" \/>\n<meta property=\"og:locale\" content=\"en_US\" \/>\n<meta property=\"og:type\" content=\"article\" \/>\n<meta property=\"og:title\" content=\"Urlaub auf dem Bauernhof - Kelheim Tourismus\" \/>\n<meta property=\"og:description\" content=\"Urlaub auf dem Bauernhof Pony und Esel warten schon: Auf den Kelheimer Ferienh\u00f6fen verbringen Familien einen erlebnisreichen, unbeschwerten Urlaub. Tiere streicheln und f\u00fcttern, im Garten toben oder vielleicht sogar auf dem Traktor mitfahren: Ferien auf dem Bauernhof sind f\u00fcr Kinder das Gr\u00f6\u00dfte. Untergebracht in gem\u00fctlichen Ferienwohnungen genie\u00dfen Familien ihren Urlaub in Kelheim. Die Herzogstadt bietet [&hellip;]\" \/>\n<meta property=\"og:url\" content=\"https:\/\/tourismus.kelheim.de\/en\/urlaub-auf-dem-bauernhof\/\" \/>\n<meta property=\"og:site_name\" content=\"Kelheim Tourismus\" \/>\n<meta property=\"article:modified_time\" content=\"2025-09-22T07:00:51+00:00\" \/>\n<meta property=\"og:image\" content=\"https:\/\/tourismus.kelheim.de\/wp-content\/uploads\/2025\/09\/cow-932817-scaled.jpg\" \/>\n\t<meta property=\"og:image:width\" content=\"2048\" \/>\n\t<meta property=\"og:image:height\" content=\"1536\" \/>\n\t<meta property=\"og:image:type\" content=\"image\/jpeg\" \/>\n<meta name=\"twitter:card\" content=\"summary_large_image\" \/>\n<meta name=\"twitter:label1\" content=\"Est. reading time\" \/>\n\t<meta name=\"twitter:data1\" content=\"1 minute\" \/>\n<script type=\"application\/ld+json\" class=\"yoast-schema-graph\">{\"@context\":\"https:\/\/schema.org\",\"@graph\":[{\"@type\":\"WebPage\",\"@id\":\"https:\/\/tourismus.kelheim.de\/urlaub-auf-dem-bauernhof\/\",\"url\":\"https:\/\/tourismus.kelheim.de\/urlaub-auf-dem-bauernhof\/\",\"name\":\"Urlaub auf dem Bauernhof - Kelheim Tourismus\",\"isPartOf\":{\"@id\":\"https:\/\/tourismus.kelheim.de\/#website\"},\"primaryImageOfPage\":{\"@id\":\"https:\/\/tourismus.kelheim.de\/urlaub-auf-dem-bauernhof\/#primaryimage\"},\"image\":{\"@id\":\"https:\/\/tourismus.kelheim.de\/urlaub-auf-dem-bauernhof\/#primaryimage\"},\"thumbnailUrl\":\"https:\/\/tourismus.kelheim.de\/wp-content\/uploads\/2025\/09\/cow-932817-scaled.jpg\",\"datePublished\":\"2025-06-25T12:11:38+00:00\",\"dateModified\":\"2025-09-22T07:00:51+00:00\",\"breadcrumb\":{\"@id\":\"https:\/\/tourismus.kelheim.de\/urlaub-auf-dem-bauernhof\/#breadcrumb\"},\"inLanguage\":\"en-US\",\"potentialAction\":[{\"@type\":\"ReadAction\",\"target\":[\"https:\/\/tourismus.kelheim.de\/urlaub-auf-dem-bauernhof\/\"]}]},{\"@type\":\"ImageObject\",\"inLanguage\":\"en-US\",\"@id\":\"https:\/\/tourismus.kelheim.de\/urlaub-auf-dem-bauernhof\/#primaryimage\",\"url\":\"https:\/\/tourismus.kelheim.de\/wp-content\/uploads\/2025\/09\/cow-932817-scaled.jpg\",\"contentUrl\":\"https:\/\/tourismus.kelheim.de\/wp-content\/uploads\/2025\/09\/cow-932817-scaled.jpg\",\"width\":2048,\"height\":1536},{\"@type\":\"BreadcrumbList\",\"@id\":\"https:\/\/tourismus.kelheim.de\/urlaub-auf-dem-bauernhof\/#breadcrumb\",\"itemListElement\":[{\"@type\":\"ListItem\",\"position\":1,\"name\":\"Startseite\",\"item\":\"https:\/\/tourismus.kelheim.de\/\"},{\"@type\":\"ListItem\",\"position\":2,\"name\":\"Urlaub auf dem Bauernhof\"}]},{\"@type\":\"WebSite\",\"@id\":\"https:\/\/tourismus.kelheim.de\/#website\",\"url\":\"https:\/\/tourismus.kelheim.de\/\",\"name\":\"Kelheim Tourismus\",\"description\":\"Wir freuen uns \u00fcber Ihren Besuch auf unserer Website.\",\"publisher\":{\"@id\":\"https:\/\/tourismus.kelheim.de\/#organization\"},\"potentialAction\":[{\"@type\":\"SearchAction\",\"target\":{\"@type\":\"EntryPoint\",\"urlTemplate\":\"https:\/\/tourismus.kelheim.de\/?s={search_term_string}\"},\"query-input\":{\"@type\":\"PropertyValueSpecification\",\"valueRequired\":true,\"valueName\":\"search_term_string\"}}],\"inLanguage\":\"en-US\"},{\"@type\":\"Organization\",\"@id\":\"https:\/\/tourismus.kelheim.de\/#organization\",\"name\":\"Kelheim Tourismus\",\"url\":\"https:\/\/tourismus.kelheim.de\/\",\"logo\":{\"@type\":\"ImageObject\",\"inLanguage\":\"en-US\",\"@id\":\"https:\/\/tourismus.kelheim.de\/#\/schema\/logo\/image\/\",\"url\":\"\",\"contentUrl\":\"\",\"caption\":\"Kelheim Tourismus\"},\"image\":{\"@id\":\"https:\/\/tourismus.kelheim.de\/#\/schema\/logo\/image\/\"}}]}<\/script>\n<!-- \/ Yoast SEO plugin. -->","yoast_head_json":{"title":"Vacation on the farm - Kelheim Tourismus","robots":{"index":"index","follow":"follow","max-snippet":"max-snippet:-1","max-image-preview":"max-image-preview:large","max-video-preview":"max-video-preview:-1"},"canonical":"https:\/\/tourismus.kelheim.de\/en\/urlaub-auf-dem-bauernhof\/","og_locale":"en_US","og_type":"article","og_title":"Urlaub auf dem Bauernhof - Kelheim Tourismus","og_description":"Urlaub auf dem Bauernhof Pony und Esel warten schon: Auf den Kelheimer Ferienh\u00f6fen verbringen Familien einen erlebnisreichen, unbeschwerten Urlaub. Tiere streicheln und f\u00fcttern, im Garten toben oder vielleicht sogar auf dem Traktor mitfahren: Ferien auf dem Bauernhof sind f\u00fcr Kinder das Gr\u00f6\u00dfte. Untergebracht in gem\u00fctlichen Ferienwohnungen genie\u00dfen Familien ihren Urlaub in Kelheim. Die Herzogstadt bietet [&hellip;]","og_url":"https:\/\/tourismus.kelheim.de\/en\/urlaub-auf-dem-bauernhof\/","og_site_name":"Kelheim Tourismus","article_modified_time":"2025-09-22T07:00:51+00:00","og_image":[{"width":2048,"height":1536,"url":"https:\/\/tourismus.kelheim.de\/wp-content\/uploads\/2025\/09\/cow-932817-scaled.jpg","type":"image\/jpeg"}],"twitter_card":"summary_large_image","twitter_misc":{"Est. reading time":"1 minute"},"schema":{"@context":"https:\/\/schema.org","@graph":[{"@type":"WebPage","@id":"https:\/\/tourismus.kelheim.de\/urlaub-auf-dem-bauernhof\/","url":"https:\/\/tourismus.kelheim.de\/urlaub-auf-dem-bauernhof\/","name":"Vacation on the farm - Kelheim Tourismus","isPartOf":{"@id":"https:\/\/tourismus.kelheim.de\/#website"},"primaryImageOfPage":{"@id":"https:\/\/tourismus.kelheim.de\/urlaub-auf-dem-bauernhof\/#primaryimage"},"image":{"@id":"https:\/\/tourismus.kelheim.de\/urlaub-auf-dem-bauernhof\/#primaryimage"},"thumbnailUrl":"https:\/\/tourismus.kelheim.de\/wp-content\/uploads\/2025\/09\/cow-932817-scaled.jpg","datePublished":"2025-06-25T12:11:38+00:00","dateModified":"2025-09-22T07:00:51+00:00","breadcrumb":{"@id":"https:\/\/tourismus.kelheim.de\/urlaub-auf-dem-bauernhof\/#breadcrumb"},"inLanguage":"en-US","potentialAction":[{"@type":"ReadAction","target":["https:\/\/tourismus.kelheim.de\/urlaub-auf-dem-bauernhof\/"]}]},{"@type":"ImageObject","inLanguage":"en-US","@id":"https:\/\/tourismus.kelheim.de\/urlaub-auf-dem-bauernhof\/#primaryimage","url":"https:\/\/tourismus.kelheim.de\/wp-content\/uploads\/2025\/09\/cow-932817-scaled.jpg","contentUrl":"https:\/\/tourismus.kelheim.de\/wp-content\/uploads\/2025\/09\/cow-932817-scaled.jpg","width":2048,"height":1536},{"@type":"BreadcrumbList","@id":"https:\/\/tourismus.kelheim.de\/urlaub-auf-dem-bauernhof\/#breadcrumb","itemListElement":[{"@type":"ListItem","position":1,"name":"Startseite","item":"https:\/\/tourismus.kelheim.de\/"},{"@type":"ListItem","position":2,"name":"Urlaub auf dem Bauernhof"}]},{"@type":"WebSite","@id":"https:\/\/tourismus.kelheim.de\/#website","url":"https:\/\/tourismus.kelheim.de\/","name":"Kelheim Tourism","description":"We look forward to your visit to our website.","publisher":{"@id":"https:\/\/tourismus.kelheim.de\/#organization"},"potentialAction":[{"@type":"SearchAction","target":{"@type":"EntryPoint","urlTemplate":"https:\/\/tourismus.kelheim.de\/?s={search_term_string}"},"query-input":{"@type":"PropertyValueSpecification","valueRequired":true,"valueName":"search_term_string"}}],"inLanguage":"en-US"},{"@type":"Organization","@id":"https:\/\/tourismus.kelheim.de\/#organization","name":"Kelheim Tourism","url":"https:\/\/tourismus.kelheim.de\/","logo":{"@type":"ImageObject","inLanguage":"en-US","@id":"https:\/\/tourismus.kelheim.de\/#\/schema\/logo\/image\/","url":"","contentUrl":"","caption":"Kelheim Tourismus"},"image":{"@id":"https:\/\/tourismus.kelheim.de\/#\/schema\/logo\/image\/"}}]}},"_links":{"self":[{"href":"https:\/\/tourismus.kelheim.de\/en\/wp-json\/wp\/v2\/pages\/49488","targetHints":{"allow":["GET"]}}],"collection":[{"href":"https:\/\/tourismus.kelheim.de\/en\/wp-json\/wp\/v2\/pages"}],"about":[{"href":"https:\/\/tourismus.kelheim.de\/en\/wp-json\/wp\/v2\/types\/page"}],"author":[{"embeddable":true,"href":"https:\/\/tourismus.kelheim.de\/en\/wp-json\/wp\/v2\/users\/17"}],"replies":[{"embeddable":true,"href":"https:\/\/tourismus.kelheim.de\/en\/wp-json\/wp\/v2\/comments?post=49488"}],"version-history":[{"count":0,"href":"https:\/\/tourismus.kelheim.de\/en\/wp-json\/wp\/v2\/pages\/49488\/revisions"}],"wp:featuredmedia":[{"embeddable":true,"href":"https:\/\/tourismus.kelheim.de\/en\/wp-json\/wp\/v2\/media\/52057"}],"wp:attachment":[{"href":"https:\/\/tourismus.kelheim.de\/en\/wp-json\/wp\/v2\/media?parent=49488"}],"wp:term":[{"taxonomy":"category","embeddable":true,"href":"https:\/\/tourismus.kelheim.de\/en\/wp-json\/wp\/v2\/categories?post=49488"},{"taxonomy":"post_tag","embeddable":true,"href":"https:\/\/tourismus.kelheim.de\/en\/wp-json\/wp\/v2\/tags?post=49488"}],"curies":[{"name":"wp","href":"https:\/\/api.w.org\/{rel}","templated":true}]}}