{"id":51837,"date":"2025-09-10T15:00:34","date_gmt":"2025-09-10T13:00:34","guid":{"rendered":"https:\/\/tourismus.kelheim.de\/?page_id=51837"},"modified":"2026-03-30T10:14:11","modified_gmt":"2026-03-30T08:14:11","slug":"erlebnisse","status":"publish","type":"page","link":"https:\/\/tourismus.kelheim.de\/en\/archaeologisches-museum\/erlebnisse\/","title":{"rendered":"Guided tours &amp; workshops"},"content":{"rendered":"<div data-elementor-type=\"wp-page\" data-elementor-id=\"51837\" class=\"elementor elementor-51837\" data-elementor-post-type=\"page\">\n\t\t\t\t<div class=\"elementor-element elementor-element-75cc105 elementor-repeater-item-ang_container_padding_7 e-flex e-con-boxed sk-none elementor-repeater-item-none elementor-repeater-item-none_hover e-con e-parent\" data-id=\"75cc105\" data-element_type=\"container\" data-e-type=\"container\" data-settings=\"{&quot;ang_container_spacing_size&quot;:&quot;ang_container_padding_7&quot;,&quot;background_background&quot;:&quot;classic&quot;,&quot;jet_parallax_layout_list&quot;:[]}\">\n\t\t\t\t\t<div class=\"e-con-inner\">\n\t\t\t\t<div class=\"elementor-element elementor-element-4414611 elementor-widget__width-inherit elementor-repeater-item-none elementor-repeater-item-none_hover elementor-widget elementor-widget-heading\" data-id=\"4414611\" data-element_type=\"widget\" data-e-type=\"widget\" data-widget_type=\"heading.default\">\n\t\t\t\t<div class=\"elementor-widget-container\">\n\t\t\t\t\t<h2 class=\"elementor-heading-title elementor-size-default\">Living museum<\/h2>\t\t\t\t<\/div>\n\t\t\t\t<\/div>\n\t\t\t\t<div class=\"elementor-element elementor-element-93b20df elementor-widget__width-inherit elementor-repeater-item-none elementor-repeater-item-none_hover elementor-widget elementor-widget-heading\" data-id=\"93b20df\" data-element_type=\"widget\" data-e-type=\"widget\" data-widget_type=\"heading.default\">\n\t\t\t\t<div class=\"elementor-widget-container\">\n\t\t\t\t\t<h2 class=\"elementor-heading-title elementor-size-default\">Willkommen im Arch\u00e4ologischen Museum \u2013 einem Ort, an dem Geschichte lebendig wird.<\/h2>\t\t\t\t<\/div>\n\t\t\t\t<\/div>\n\t\t\t\t<div class=\"elementor-element elementor-element-2ada956 elementor-repeater-item-none elementor-repeater-item-none_hover elementor-widget elementor-widget-text-editor\" data-id=\"2ada956\" data-element_type=\"widget\" data-e-type=\"widget\" data-widget_type=\"text-editor.default\">\n\t\t\t\t<div class=\"elementor-widget-container\">\n\t\t\t\t\t\t\t\t\t<p data-start=\"23\" data-end=\"267\">Unsere Workshops und F\u00fchrungen laden Sie dazu ein, vergangene Kulturen hautnah zu entdecken und spannende Einblicke in arch\u00e4ologische Forschung zu gewinnen. Ob jung oder alt, Einsteiger oder Geschichtsbegeisterte: Bei uns k\u00f6nnen Sie selbst aktiv werden, Fragen stellen und die faszinierende Welt der Arch\u00e4ologie auf interaktive Weise erleben.<\/p>\t\t\t\t\t\t\t\t<\/div>\n\t\t\t\t<\/div>\n\t\t<div class=\"elementor-element elementor-element-ea267a5 e-con-full e-flex elementor-repeater-item-default_padding elementor-repeater-item-none elementor-repeater-item-none_hover e-con e-child\" data-id=\"ea267a5\" data-element_type=\"container\" data-e-type=\"container\" data-settings=\"{&quot;jet_parallax_layout_list&quot;:[],&quot;ang_container_spacing_size&quot;:&quot;default_padding&quot;}\">\n\t\t<a class=\"elementor-element elementor-element-d0d420b e-con-full e-transform e-flex elementor-repeater-item-default_padding elementor-repeater-item-none elementor-repeater-item-none_hover e-con e-child\" data-id=\"d0d420b\" data-element_type=\"container\" data-e-type=\"container\" data-settings=\"{&quot;jet_parallax_layout_list&quot;:[],&quot;_transform_scale_effect_hover&quot;:{&quot;unit&quot;:&quot;px&quot;,&quot;size&quot;:1.015,&quot;sizes&quot;:[]},&quot;ang_container_spacing_size&quot;:&quot;default_padding&quot;,&quot;_transform_scale_effect_hover_tablet&quot;:{&quot;unit&quot;:&quot;px&quot;,&quot;size&quot;:&quot;&quot;,&quot;sizes&quot;:[]},&quot;_transform_scale_effect_hover_mobile&quot;:{&quot;unit&quot;:&quot;px&quot;,&quot;size&quot;:&quot;&quot;,&quot;sizes&quot;:[]}}\" href=\"\/en\/archaeologisches-museum\/erlebnisse\/fuehrungen\/\">\n\t\t\t\t<div class=\"elementor-element elementor-element-8b2e933 external_elementor-repeater-item-none_external elementor-repeater-item-none elementor-repeater-item-none_hover elementor-widget elementor-widget-image\" data-id=\"8b2e933\" data-element_type=\"widget\" data-e-type=\"widget\" data-widget_type=\"image.default\">\n\t\t\t\t<div class=\"elementor-widget-container\">\n\t\t\t\t\t\t\t\t\t\t\t\t\t\t\t<img fetchpriority=\"high\" decoding=\"async\" width=\"800\" height=\"532\" src=\"https:\/\/tourismus.kelheim.de\/wp-content\/uploads\/2025\/12\/Fuehrungen-1024x681.jpg\" class=\"attachment-large size-large wp-image-53508\" alt=\"\" srcset=\"https:\/\/tourismus.kelheim.de\/wp-content\/uploads\/2025\/12\/Fuehrungen-1024x681.jpg 1024w, https:\/\/tourismus.kelheim.de\/wp-content\/uploads\/2025\/12\/Fuehrungen-300x200.jpg 300w, https:\/\/tourismus.kelheim.de\/wp-content\/uploads\/2025\/12\/Fuehrungen-768x511.jpg 768w, https:\/\/tourismus.kelheim.de\/wp-content\/uploads\/2025\/12\/Fuehrungen-1536x1022.jpg 1536w, https:\/\/tourismus.kelheim.de\/wp-content\/uploads\/2025\/12\/Fuehrungen-scaled.jpg 2048w, https:\/\/tourismus.kelheim.de\/wp-content\/uploads\/2025\/12\/Fuehrungen-18x12.jpg 18w\" sizes=\"(max-width: 800px) 100vw, 800px\" \/>\t\t\t\t\t\t\t\t\t\t\t\t\t\t\t<\/div>\n\t\t\t\t<\/div>\n\t\t<div class=\"elementor-element elementor-element-787e148 e-con-full elementor-repeater-item-ang_container_padding_4 e-flex sk-none elementor-repeater-item-none elementor-repeater-item-none_hover e-con e-child\" data-id=\"787e148\" data-element_type=\"container\" data-e-type=\"container\" data-settings=\"{&quot;ang_container_spacing_size&quot;:&quot;ang_container_padding_4&quot;,&quot;background_background&quot;:&quot;classic&quot;,&quot;jet_parallax_layout_list&quot;:[]}\">\n\t\t\t\t<div class=\"elementor-element elementor-element-c4c9104 elementor-repeater-item-none elementor-repeater-item-none_hover elementor-widget elementor-widget-heading\" data-id=\"c4c9104\" data-element_type=\"widget\" data-e-type=\"widget\" data-widget_type=\"heading.default\">\n\t\t\t\t<div class=\"elementor-widget-container\">\n\t\t\t\t\t<h4 class=\"elementor-heading-title elementor-size-default\">Guided tours<\/h4>\t\t\t\t<\/div>\n\t\t\t\t<\/div>\n\t\t\t\t<\/div>\n\t\t\t\t<\/a>\n\t\t<a class=\"elementor-element elementor-element-6e9ac9d e-con-full e-transform e-flex elementor-repeater-item-default_padding elementor-repeater-item-none elementor-repeater-item-none_hover e-con e-child\" data-id=\"6e9ac9d\" data-element_type=\"container\" data-e-type=\"container\" data-settings=\"{&quot;jet_parallax_layout_list&quot;:[],&quot;_transform_scale_effect_hover&quot;:{&quot;unit&quot;:&quot;px&quot;,&quot;size&quot;:1.015,&quot;sizes&quot;:[]},&quot;ang_container_spacing_size&quot;:&quot;default_padding&quot;,&quot;_transform_scale_effect_hover_tablet&quot;:{&quot;unit&quot;:&quot;px&quot;,&quot;size&quot;:&quot;&quot;,&quot;sizes&quot;:[]},&quot;_transform_scale_effect_hover_mobile&quot;:{&quot;unit&quot;:&quot;px&quot;,&quot;size&quot;:&quot;&quot;,&quot;sizes&quot;:[]}}\" href=\"\/en\/archaeologisches-museum\/erlebnisse\/museumspaedagogik\/\">\n\t\t\t\t<div class=\"elementor-element elementor-element-601f839 external_elementor-repeater-item-none_external elementor-repeater-item-none elementor-repeater-item-none_hover elementor-widget elementor-widget-image\" data-id=\"601f839\" data-element_type=\"widget\" data-e-type=\"widget\" data-widget_type=\"image.default\">\n\t\t\t\t<div class=\"elementor-widget-container\">\n\t\t\t\t\t\t\t\t\t\t\t\t\t\t\t<img decoding=\"async\" width=\"800\" height=\"584\" src=\"https:\/\/tourismus.kelheim.de\/wp-content\/uploads\/2025\/12\/Museum-Museumspaedagogik-Kelheim-1024x748.jpg\" class=\"attachment-large size-large wp-image-53662\" alt=\"\" srcset=\"https:\/\/tourismus.kelheim.de\/wp-content\/uploads\/2025\/12\/Museum-Museumspaedagogik-Kelheim-1024x748.jpg 1024w, https:\/\/tourismus.kelheim.de\/wp-content\/uploads\/2025\/12\/Museum-Museumspaedagogik-Kelheim-300x219.jpg 300w, https:\/\/tourismus.kelheim.de\/wp-content\/uploads\/2025\/12\/Museum-Museumspaedagogik-Kelheim-768x561.jpg 768w, https:\/\/tourismus.kelheim.de\/wp-content\/uploads\/2025\/12\/Museum-Museumspaedagogik-Kelheim-16x12.jpg 16w, https:\/\/tourismus.kelheim.de\/wp-content\/uploads\/2025\/12\/Museum-Museumspaedagogik-Kelheim.jpg 1360w\" sizes=\"(max-width: 800px) 100vw, 800px\" \/>\t\t\t\t\t\t\t\t\t\t\t\t\t\t\t<\/div>\n\t\t\t\t<\/div>\n\t\t<div class=\"elementor-element elementor-element-f0a3fa0 e-con-full elementor-repeater-item-ang_container_padding_4 e-flex sk-none elementor-repeater-item-none elementor-repeater-item-none_hover e-con e-child\" data-id=\"f0a3fa0\" data-element_type=\"container\" data-e-type=\"container\" data-settings=\"{&quot;ang_container_spacing_size&quot;:&quot;ang_container_padding_4&quot;,&quot;background_background&quot;:&quot;classic&quot;,&quot;jet_parallax_layout_list&quot;:[]}\">\n\t\t\t\t<div class=\"elementor-element elementor-element-cab0b98 elementor-repeater-item-none elementor-repeater-item-none_hover elementor-widget elementor-widget-heading\" data-id=\"cab0b98\" data-element_type=\"widget\" data-e-type=\"widget\" data-widget_type=\"heading.default\">\n\t\t\t\t<div class=\"elementor-widget-container\">\n\t\t\t\t\t<h4 class=\"elementor-heading-title elementor-size-default\">Museum education<\/h4>\t\t\t\t<\/div>\n\t\t\t\t<\/div>\n\t\t\t\t<\/div>\n\t\t\t\t<\/a>\n\t\t<a class=\"elementor-element elementor-element-ae61e0a e-con-full e-transform e-flex elementor-repeater-item-default_padding elementor-repeater-item-none elementor-repeater-item-none_hover e-con e-child\" data-id=\"ae61e0a\" data-element_type=\"container\" data-e-type=\"container\" data-settings=\"{&quot;jet_parallax_layout_list&quot;:[],&quot;_transform_scale_effect_hover&quot;:{&quot;unit&quot;:&quot;px&quot;,&quot;size&quot;:1.015,&quot;sizes&quot;:[]},&quot;ang_container_spacing_size&quot;:&quot;default_padding&quot;,&quot;_transform_scale_effect_hover_tablet&quot;:{&quot;unit&quot;:&quot;px&quot;,&quot;size&quot;:&quot;&quot;,&quot;sizes&quot;:[]},&quot;_transform_scale_effect_hover_mobile&quot;:{&quot;unit&quot;:&quot;px&quot;,&quot;size&quot;:&quot;&quot;,&quot;sizes&quot;:[]}}\" href=\"\/en\/archaeologisches-museum\/erlebnisse\/geburtstage\/\">\n\t\t\t\t<div class=\"elementor-element elementor-element-1306005 external_elementor-repeater-item-none_external elementor-repeater-item-none elementor-repeater-item-none_hover elementor-widget elementor-widget-image\" data-id=\"1306005\" data-element_type=\"widget\" data-e-type=\"widget\" data-widget_type=\"image.default\">\n\t\t\t\t<div class=\"elementor-widget-container\">\n\t\t\t\t\t\t\t\t\t\t\t\t\t\t\t<img decoding=\"async\" width=\"683\" height=\"1024\" src=\"https:\/\/tourismus.kelheim.de\/wp-content\/uploads\/2025\/12\/Geburstage-683x1024.jpg\" class=\"attachment-large size-large wp-image-53510\" alt=\"\" srcset=\"https:\/\/tourismus.kelheim.de\/wp-content\/uploads\/2025\/12\/Geburstage-683x1024.jpg 683w, https:\/\/tourismus.kelheim.de\/wp-content\/uploads\/2025\/12\/Geburstage-200x300.jpg 200w, https:\/\/tourismus.kelheim.de\/wp-content\/uploads\/2025\/12\/Geburstage-768x1152.jpg 768w, https:\/\/tourismus.kelheim.de\/wp-content\/uploads\/2025\/12\/Geburstage-1024x1536.jpg 1024w, https:\/\/tourismus.kelheim.de\/wp-content\/uploads\/2025\/12\/Geburstage-scaled.jpg 1365w, https:\/\/tourismus.kelheim.de\/wp-content\/uploads\/2025\/12\/Geburstage-8x12.jpg 8w\" sizes=\"(max-width: 683px) 100vw, 683px\" \/>\t\t\t\t\t\t\t\t\t\t\t\t\t\t\t<\/div>\n\t\t\t\t<\/div>\n\t\t<div class=\"elementor-element elementor-element-894b477 e-con-full elementor-repeater-item-ang_container_padding_4 e-flex sk-none elementor-repeater-item-none elementor-repeater-item-none_hover e-con e-child\" data-id=\"894b477\" data-element_type=\"container\" data-e-type=\"container\" data-settings=\"{&quot;ang_container_spacing_size&quot;:&quot;ang_container_padding_4&quot;,&quot;background_background&quot;:&quot;classic&quot;,&quot;jet_parallax_layout_list&quot;:[]}\">\n\t\t\t\t<div class=\"elementor-element elementor-element-4c5bc8a elementor-repeater-item-none elementor-repeater-item-none_hover elementor-widget elementor-widget-heading\" data-id=\"4c5bc8a\" data-element_type=\"widget\" data-e-type=\"widget\" data-widget_type=\"heading.default\">\n\t\t\t\t<div class=\"elementor-widget-container\">\n\t\t\t\t\t<h4 class=\"elementor-heading-title elementor-size-default\">Birthdays<\/h4>\t\t\t\t<\/div>\n\t\t\t\t<\/div>\n\t\t\t\t<\/div>\n\t\t\t\t<\/a>\n\t\t<a class=\"elementor-element elementor-element-d2478a2 e-con-full e-transform e-flex elementor-repeater-item-default_padding elementor-repeater-item-none elementor-repeater-item-none_hover e-con e-child\" data-id=\"d2478a2\" data-element_type=\"container\" data-e-type=\"container\" data-settings=\"{&quot;jet_parallax_layout_list&quot;:[],&quot;_transform_scale_effect_hover&quot;:{&quot;unit&quot;:&quot;px&quot;,&quot;size&quot;:1.015,&quot;sizes&quot;:[]},&quot;ang_container_spacing_size&quot;:&quot;default_padding&quot;,&quot;_transform_scale_effect_hover_tablet&quot;:{&quot;unit&quot;:&quot;px&quot;,&quot;size&quot;:&quot;&quot;,&quot;sizes&quot;:[]},&quot;_transform_scale_effect_hover_mobile&quot;:{&quot;unit&quot;:&quot;px&quot;,&quot;size&quot;:&quot;&quot;,&quot;sizes&quot;:[]}}\" href=\"\/en\/archaeologisches-museum\/erlebnisse\/actionbounds\/\">\n\t\t\t\t<div class=\"elementor-element elementor-element-914ed82 external_elementor-repeater-item-none_external elementor-repeater-item-none elementor-repeater-item-none_hover elementor-widget elementor-widget-image\" data-id=\"914ed82\" data-element_type=\"widget\" data-e-type=\"widget\" data-widget_type=\"image.default\">\n\t\t\t\t<div class=\"elementor-widget-container\">\n\t\t\t\t\t\t\t\t\t\t\t\t\t\t\t<img loading=\"lazy\" decoding=\"async\" width=\"768\" height=\"1024\" src=\"https:\/\/tourismus.kelheim.de\/wp-content\/uploads\/2025\/12\/Aktionbounds-768x1024.jpg\" class=\"attachment-large size-large wp-image-53506\" alt=\"\" srcset=\"https:\/\/tourismus.kelheim.de\/wp-content\/uploads\/2025\/12\/Aktionbounds-768x1024.jpg 768w, https:\/\/tourismus.kelheim.de\/wp-content\/uploads\/2025\/12\/Aktionbounds-225x300.jpg 225w, https:\/\/tourismus.kelheim.de\/wp-content\/uploads\/2025\/12\/Aktionbounds-1152x1536.jpg 1152w, https:\/\/tourismus.kelheim.de\/wp-content\/uploads\/2025\/12\/Aktionbounds-scaled.jpg 1536w, https:\/\/tourismus.kelheim.de\/wp-content\/uploads\/2025\/12\/Aktionbounds-9x12.jpg 9w\" sizes=\"(max-width: 768px) 100vw, 768px\" \/>\t\t\t\t\t\t\t\t\t\t\t\t\t\t\t<\/div>\n\t\t\t\t<\/div>\n\t\t<div class=\"elementor-element elementor-element-c66987f e-con-full elementor-repeater-item-ang_container_padding_4 e-flex sk-none elementor-repeater-item-none elementor-repeater-item-none_hover e-con e-child\" data-id=\"c66987f\" data-element_type=\"container\" data-e-type=\"container\" data-settings=\"{&quot;ang_container_spacing_size&quot;:&quot;ang_container_padding_4&quot;,&quot;background_background&quot;:&quot;classic&quot;,&quot;jet_parallax_layout_list&quot;:[]}\">\n\t\t\t\t<div class=\"elementor-element elementor-element-1d5a933 elementor-repeater-item-none elementor-repeater-item-none_hover elementor-widget elementor-widget-heading\" data-id=\"1d5a933\" data-element_type=\"widget\" data-e-type=\"widget\" data-widget_type=\"heading.default\">\n\t\t\t\t<div class=\"elementor-widget-container\">\n\t\t\t\t\t<h4 class=\"elementor-heading-title elementor-size-default\">Actionbounds<\/h4>\t\t\t\t<\/div>\n\t\t\t\t<\/div>\n\t\t\t\t<\/div>\n\t\t\t\t<\/a>\n\t\t\t\t<\/div>\n\t\t\t\t\t<\/div>\n\t\t\t\t<\/div>\n\t\t\t\t<\/div>","protected":false},"excerpt":{"rendered":"<p>Lebendiges Museum Willkommen im Arch\u00e4ologischen Museum \u2013 einem Ort, an dem Geschichte lebendig wird. Unsere Workshops und F\u00fchrungen laden Sie dazu ein, vergangene Kulturen hautnah zu entdecken und spannende Einblicke in arch\u00e4ologische Forschung zu gewinnen. Ob jung oder alt, Einsteiger oder Geschichtsbegeisterte: Bei uns k\u00f6nnen Sie selbst aktiv werden, Fragen stellen und die faszinierende Welt [&hellip;]<\/p>","protected":false},"author":17,"featured_media":53505,"parent":50217,"menu_order":0,"comment_status":"closed","ping_status":"closed","template":"","meta":{"iawp_total_views":144,"footnotes":""},"categories":[],"tags":[],"class_list":["post-51837","page","type-page","status-publish","has-post-thumbnail","hentry"],"yoast_head":"<!-- This site is optimized with the Yoast SEO plugin v26.9 - https:\/\/yoast.com\/product\/yoast-seo-wordpress\/ -->\n<title>F\u00fchrungen &amp; Workshops - Kelheim Tourismus<\/title>\n<meta name=\"robots\" content=\"index, follow, max-snippet:-1, max-image-preview:large, max-video-preview:-1\" \/>\n<link rel=\"canonical\" href=\"https:\/\/tourismus.kelheim.de\/en\/archaeologisches-museum\/erlebnisse\/\" \/>\n<meta property=\"og:locale\" content=\"en_US\" \/>\n<meta property=\"og:type\" content=\"article\" \/>\n<meta property=\"og:title\" content=\"F\u00fchrungen &amp; Workshops - Kelheim Tourismus\" \/>\n<meta property=\"og:description\" content=\"Lebendiges Museum Willkommen im Arch\u00e4ologischen Museum \u2013 einem Ort, an dem Geschichte lebendig wird. Unsere Workshops und F\u00fchrungen laden Sie dazu ein, vergangene Kulturen hautnah zu entdecken und spannende Einblicke in arch\u00e4ologische Forschung zu gewinnen. Ob jung oder alt, Einsteiger oder Geschichtsbegeisterte: Bei uns k\u00f6nnen Sie selbst aktiv werden, Fragen stellen und die faszinierende Welt [&hellip;]\" \/>\n<meta property=\"og:url\" content=\"https:\/\/tourismus.kelheim.de\/en\/archaeologisches-museum\/erlebnisse\/\" \/>\n<meta property=\"og:site_name\" content=\"Kelheim Tourismus\" \/>\n<meta property=\"article:modified_time\" content=\"2026-03-30T08:14:11+00:00\" \/>\n<meta property=\"og:image\" content=\"https:\/\/tourismus.kelheim.de\/wp-content\/uploads\/2025\/12\/Fuehrungen-Workshops-scaled.jpg\" \/>\n\t<meta property=\"og:image:width\" content=\"1536\" \/>\n\t<meta property=\"og:image:height\" content=\"2048\" \/>\n\t<meta property=\"og:image:type\" content=\"image\/jpeg\" \/>\n<meta name=\"twitter:card\" content=\"summary_large_image\" \/>\n<meta name=\"twitter:label1\" content=\"Est. reading time\" \/>\n\t<meta name=\"twitter:data1\" content=\"2 minutes\" \/>\n<script type=\"application\/ld+json\" class=\"yoast-schema-graph\">{\"@context\":\"https:\/\/schema.org\",\"@graph\":[{\"@type\":\"WebPage\",\"@id\":\"https:\/\/tourismus.kelheim.de\/archaeologisches-museum\/erlebnisse\/\",\"url\":\"https:\/\/tourismus.kelheim.de\/archaeologisches-museum\/erlebnisse\/\",\"name\":\"F\u00fchrungen &amp; Workshops - Kelheim Tourismus\",\"isPartOf\":{\"@id\":\"https:\/\/tourismus.kelheim.de\/#website\"},\"primaryImageOfPage\":{\"@id\":\"https:\/\/tourismus.kelheim.de\/archaeologisches-museum\/erlebnisse\/#primaryimage\"},\"image\":{\"@id\":\"https:\/\/tourismus.kelheim.de\/archaeologisches-museum\/erlebnisse\/#primaryimage\"},\"thumbnailUrl\":\"https:\/\/tourismus.kelheim.de\/wp-content\/uploads\/2025\/12\/Fuehrungen-Workshops-scaled.jpg\",\"datePublished\":\"2025-09-10T13:00:34+00:00\",\"dateModified\":\"2026-03-30T08:14:11+00:00\",\"breadcrumb\":{\"@id\":\"https:\/\/tourismus.kelheim.de\/archaeologisches-museum\/erlebnisse\/#breadcrumb\"},\"inLanguage\":\"en-US\",\"potentialAction\":[{\"@type\":\"ReadAction\",\"target\":[\"https:\/\/tourismus.kelheim.de\/archaeologisches-museum\/erlebnisse\/\"]}]},{\"@type\":\"ImageObject\",\"inLanguage\":\"en-US\",\"@id\":\"https:\/\/tourismus.kelheim.de\/archaeologisches-museum\/erlebnisse\/#primaryimage\",\"url\":\"https:\/\/tourismus.kelheim.de\/wp-content\/uploads\/2025\/12\/Fuehrungen-Workshops-scaled.jpg\",\"contentUrl\":\"https:\/\/tourismus.kelheim.de\/wp-content\/uploads\/2025\/12\/Fuehrungen-Workshops-scaled.jpg\",\"width\":1536,\"height\":2048},{\"@type\":\"BreadcrumbList\",\"@id\":\"https:\/\/tourismus.kelheim.de\/archaeologisches-museum\/erlebnisse\/#breadcrumb\",\"itemListElement\":[{\"@type\":\"ListItem\",\"position\":1,\"name\":\"Startseite\",\"item\":\"https:\/\/tourismus.kelheim.de\/\"},{\"@type\":\"ListItem\",\"position\":2,\"name\":\"Arch\u00e4ologisches Museum\",\"item\":\"https:\/\/tourismus.kelheim.de\/archaeologisches-museum\/\"},{\"@type\":\"ListItem\",\"position\":3,\"name\":\"F\u00fchrungen &amp; Workshops\"}]},{\"@type\":\"WebSite\",\"@id\":\"https:\/\/tourismus.kelheim.de\/#website\",\"url\":\"https:\/\/tourismus.kelheim.de\/\",\"name\":\"Kelheim Tourismus\",\"description\":\"Wir freuen uns \u00fcber Ihren Besuch auf unserer Website.\",\"publisher\":{\"@id\":\"https:\/\/tourismus.kelheim.de\/#organization\"},\"potentialAction\":[{\"@type\":\"SearchAction\",\"target\":{\"@type\":\"EntryPoint\",\"urlTemplate\":\"https:\/\/tourismus.kelheim.de\/?s={search_term_string}\"},\"query-input\":{\"@type\":\"PropertyValueSpecification\",\"valueRequired\":true,\"valueName\":\"search_term_string\"}}],\"inLanguage\":\"en-US\"},{\"@type\":\"Organization\",\"@id\":\"https:\/\/tourismus.kelheim.de\/#organization\",\"name\":\"Kelheim Tourismus\",\"url\":\"https:\/\/tourismus.kelheim.de\/\",\"logo\":{\"@type\":\"ImageObject\",\"inLanguage\":\"en-US\",\"@id\":\"https:\/\/tourismus.kelheim.de\/#\/schema\/logo\/image\/\",\"url\":\"\",\"contentUrl\":\"\",\"caption\":\"Kelheim Tourismus\"},\"image\":{\"@id\":\"https:\/\/tourismus.kelheim.de\/#\/schema\/logo\/image\/\"}}]}<\/script>\n<!-- \/ Yoast SEO plugin. -->","yoast_head_json":{"title":"F\u00fchrungen &amp; Workshops - Kelheim Tourismus","robots":{"index":"index","follow":"follow","max-snippet":"max-snippet:-1","max-image-preview":"max-image-preview:large","max-video-preview":"max-video-preview:-1"},"canonical":"https:\/\/tourismus.kelheim.de\/en\/archaeologisches-museum\/erlebnisse\/","og_locale":"en_US","og_type":"article","og_title":"F\u00fchrungen &amp; Workshops - Kelheim Tourismus","og_description":"Lebendiges Museum Willkommen im Arch\u00e4ologischen Museum \u2013 einem Ort, an dem Geschichte lebendig wird. Unsere Workshops und F\u00fchrungen laden Sie dazu ein, vergangene Kulturen hautnah zu entdecken und spannende Einblicke in arch\u00e4ologische Forschung zu gewinnen. Ob jung oder alt, Einsteiger oder Geschichtsbegeisterte: Bei uns k\u00f6nnen Sie selbst aktiv werden, Fragen stellen und die faszinierende Welt [&hellip;]","og_url":"https:\/\/tourismus.kelheim.de\/en\/archaeologisches-museum\/erlebnisse\/","og_site_name":"Kelheim Tourismus","article_modified_time":"2026-03-30T08:14:11+00:00","og_image":[{"width":1536,"height":2048,"url":"https:\/\/tourismus.kelheim.de\/wp-content\/uploads\/2025\/12\/Fuehrungen-Workshops-scaled.jpg","type":"image\/jpeg"}],"twitter_card":"summary_large_image","twitter_misc":{"Est. reading time":"2 minutes"},"schema":{"@context":"https:\/\/schema.org","@graph":[{"@type":"WebPage","@id":"https:\/\/tourismus.kelheim.de\/archaeologisches-museum\/erlebnisse\/","url":"https:\/\/tourismus.kelheim.de\/archaeologisches-museum\/erlebnisse\/","name":"F\u00fchrungen &amp; Workshops - Kelheim Tourismus","isPartOf":{"@id":"https:\/\/tourismus.kelheim.de\/#website"},"primaryImageOfPage":{"@id":"https:\/\/tourismus.kelheim.de\/archaeologisches-museum\/erlebnisse\/#primaryimage"},"image":{"@id":"https:\/\/tourismus.kelheim.de\/archaeologisches-museum\/erlebnisse\/#primaryimage"},"thumbnailUrl":"https:\/\/tourismus.kelheim.de\/wp-content\/uploads\/2025\/12\/Fuehrungen-Workshops-scaled.jpg","datePublished":"2025-09-10T13:00:34+00:00","dateModified":"2026-03-30T08:14:11+00:00","breadcrumb":{"@id":"https:\/\/tourismus.kelheim.de\/archaeologisches-museum\/erlebnisse\/#breadcrumb"},"inLanguage":"en-US","potentialAction":[{"@type":"ReadAction","target":["https:\/\/tourismus.kelheim.de\/archaeologisches-museum\/erlebnisse\/"]}]},{"@type":"ImageObject","inLanguage":"en-US","@id":"https:\/\/tourismus.kelheim.de\/archaeologisches-museum\/erlebnisse\/#primaryimage","url":"https:\/\/tourismus.kelheim.de\/wp-content\/uploads\/2025\/12\/Fuehrungen-Workshops-scaled.jpg","contentUrl":"https:\/\/tourismus.kelheim.de\/wp-content\/uploads\/2025\/12\/Fuehrungen-Workshops-scaled.jpg","width":1536,"height":2048},{"@type":"BreadcrumbList","@id":"https:\/\/tourismus.kelheim.de\/archaeologisches-museum\/erlebnisse\/#breadcrumb","itemListElement":[{"@type":"ListItem","position":1,"name":"Startseite","item":"https:\/\/tourismus.kelheim.de\/"},{"@type":"ListItem","position":2,"name":"Arch\u00e4ologisches Museum","item":"https:\/\/tourismus.kelheim.de\/archaeologisches-museum\/"},{"@type":"ListItem","position":3,"name":"F\u00fchrungen &amp; Workshops"}]},{"@type":"WebSite","@id":"https:\/\/tourismus.kelheim.de\/#website","url":"https:\/\/tourismus.kelheim.de\/","name":"Kelheim Tourism","description":"We look forward to your visit to our website.","publisher":{"@id":"https:\/\/tourismus.kelheim.de\/#organization"},"potentialAction":[{"@type":"SearchAction","target":{"@type":"EntryPoint","urlTemplate":"https:\/\/tourismus.kelheim.de\/?s={search_term_string}"},"query-input":{"@type":"PropertyValueSpecification","valueRequired":true,"valueName":"search_term_string"}}],"inLanguage":"en-US"},{"@type":"Organization","@id":"https:\/\/tourismus.kelheim.de\/#organization","name":"Kelheim Tourism","url":"https:\/\/tourismus.kelheim.de\/","logo":{"@type":"ImageObject","inLanguage":"en-US","@id":"https:\/\/tourismus.kelheim.de\/#\/schema\/logo\/image\/","url":"","contentUrl":"","caption":"Kelheim Tourismus"},"image":{"@id":"https:\/\/tourismus.kelheim.de\/#\/schema\/logo\/image\/"}}]}},"_links":{"self":[{"href":"https:\/\/tourismus.kelheim.de\/en\/wp-json\/wp\/v2\/pages\/51837","targetHints":{"allow":["GET"]}}],"collection":[{"href":"https:\/\/tourismus.kelheim.de\/en\/wp-json\/wp\/v2\/pages"}],"about":[{"href":"https:\/\/tourismus.kelheim.de\/en\/wp-json\/wp\/v2\/types\/page"}],"author":[{"embeddable":true,"href":"https:\/\/tourismus.kelheim.de\/en\/wp-json\/wp\/v2\/users\/17"}],"replies":[{"embeddable":true,"href":"https:\/\/tourismus.kelheim.de\/en\/wp-json\/wp\/v2\/comments?post=51837"}],"version-history":[{"count":10,"href":"https:\/\/tourismus.kelheim.de\/en\/wp-json\/wp\/v2\/pages\/51837\/revisions"}],"predecessor-version":[{"id":54026,"href":"https:\/\/tourismus.kelheim.de\/en\/wp-json\/wp\/v2\/pages\/51837\/revisions\/54026"}],"up":[{"embeddable":true,"href":"https:\/\/tourismus.kelheim.de\/en\/wp-json\/wp\/v2\/pages\/50217"}],"wp:featuredmedia":[{"embeddable":true,"href":"https:\/\/tourismus.kelheim.de\/en\/wp-json\/wp\/v2\/media\/53505"}],"wp:attachment":[{"href":"https:\/\/tourismus.kelheim.de\/en\/wp-json\/wp\/v2\/media?parent=51837"}],"wp:term":[{"taxonomy":"category","embeddable":true,"href":"https:\/\/tourismus.kelheim.de\/en\/wp-json\/wp\/v2\/categories?post=51837"},{"taxonomy":"post_tag","embeddable":true,"href":"https:\/\/tourismus.kelheim.de\/en\/wp-json\/wp\/v2\/tags?post=51837"}],"curies":[{"name":"wp","href":"https:\/\/api.w.org\/{rel}","templated":true}]}}