{"id":52403,"date":"2025-10-10T09:46:27","date_gmt":"2025-10-10T07:46:27","guid":{"rendered":"https:\/\/tourismus.kelheim.de\/?page_id=52403"},"modified":"2025-12-12T13:20:39","modified_gmt":"2025-12-12T12:20:39","slug":"dauerausstellung","status":"publish","type":"page","link":"https:\/\/tourismus.kelheim.de\/en\/archaeologisches-museum\/ausstellungen\/dauerausstellung\/","title":{"rendered":"Permanent exhibitions"},"content":{"rendered":"<div data-elementor-type=\"wp-page\" data-elementor-id=\"52403\" class=\"elementor elementor-52403\" data-elementor-post-type=\"page\">\n\t\t\t\t<div class=\"elementor-element elementor-element-623bdc4 elementor-repeater-item-ang_container_padding_7 e-flex e-con-boxed sk-none elementor-repeater-item-none elementor-repeater-item-none_hover e-con e-parent\" data-id=\"623bdc4\" data-element_type=\"container\" data-e-type=\"container\" data-settings=\"{&quot;ang_container_spacing_size&quot;:&quot;ang_container_padding_7&quot;,&quot;background_background&quot;:&quot;classic&quot;,&quot;jet_parallax_layout_list&quot;:[]}\">\n\t\t\t\t\t<div class=\"e-con-inner\">\n\t\t\t\t<div class=\"elementor-element elementor-element-925b8ef elementor-widget__width-inherit elementor-repeater-item-none elementor-repeater-item-none_hover elementor-widget elementor-widget-heading\" data-id=\"925b8ef\" data-element_type=\"widget\" data-e-type=\"widget\" data-widget_type=\"heading.default\">\n\t\t\t\t<div class=\"elementor-widget-container\">\n\t\t\t\t\t<h2 class=\"elementor-heading-title elementor-size-default\">Archaeology <\/h2>\t\t\t\t<\/div>\n\t\t\t\t<\/div>\n\t\t<div class=\"elementor-element elementor-element-9d284cc e-con-full e-flex elementor-repeater-item-default_padding elementor-repeater-item-none elementor-repeater-item-none_hover e-con e-child\" data-id=\"9d284cc\" data-element_type=\"container\" data-e-type=\"container\" data-settings=\"{&quot;jet_parallax_layout_list&quot;:[],&quot;ang_container_spacing_size&quot;:&quot;default_padding&quot;}\">\n\t\t\t\t<div class=\"elementor-element elementor-element-1511f59 elementor-widget__width-initial elementor-widget-mobile__width-inherit external_elementor-repeater-item-none_external elementor-repeater-item-none elementor-repeater-item-none_hover elementor-widget elementor-widget-image\" data-id=\"1511f59\" data-element_type=\"widget\" data-e-type=\"widget\" data-widget_type=\"image.default\">\n\t\t\t\t<div class=\"elementor-widget-container\">\n\t\t\t\t\t\t\t\t\t\t\t\t\t\t\t<img fetchpriority=\"high\" decoding=\"async\" width=\"800\" height=\"533\" src=\"https:\/\/tourismus.kelheim.de\/wp-content\/uploads\/2025\/12\/Ausstellungen-Dauerausstellung-Archaeologie-1024x682.jpg\" class=\"attachment-large size-large wp-image-53499\" alt=\"\" srcset=\"https:\/\/tourismus.kelheim.de\/wp-content\/uploads\/2025\/12\/Ausstellungen-Dauerausstellung-Archaeologie-1024x682.jpg 1024w, https:\/\/tourismus.kelheim.de\/wp-content\/uploads\/2025\/12\/Ausstellungen-Dauerausstellung-Archaeologie-300x200.jpg 300w, https:\/\/tourismus.kelheim.de\/wp-content\/uploads\/2025\/12\/Ausstellungen-Dauerausstellung-Archaeologie-768x512.jpg 768w, https:\/\/tourismus.kelheim.de\/wp-content\/uploads\/2025\/12\/Ausstellungen-Dauerausstellung-Archaeologie-1536x1024.jpg 1536w, https:\/\/tourismus.kelheim.de\/wp-content\/uploads\/2025\/12\/Ausstellungen-Dauerausstellung-Archaeologie-18x12.jpg 18w, https:\/\/tourismus.kelheim.de\/wp-content\/uploads\/2025\/12\/Ausstellungen-Dauerausstellung-Archaeologie.jpg 1748w\" sizes=\"(max-width: 800px) 100vw, 800px\" \/>\t\t\t\t\t\t\t\t\t\t\t\t\t\t\t<\/div>\n\t\t\t\t<\/div>\n\t\t\t\t<div class=\"elementor-element elementor-element-13d12d3 elementor-widget__width-initial elementor-widget-mobile__width-inherit elementor-repeater-item-none elementor-repeater-item-none_hover elementor-widget elementor-widget-text-editor\" data-id=\"13d12d3\" data-element_type=\"widget\" data-e-type=\"widget\" data-widget_type=\"text-editor.default\">\n\t\t\t\t<div class=\"elementor-widget-container\">\n\t\t\t\t\t\t\t\t\t<p>On the first floor of the museum you can find out that people were already living in the Altm\u00fchltal around 200,000 years ago.\u00a0<\/p><p>The finds that archaeologists have unearthed from the earth in Kelheim and the surrounding area - from the Neanderthals to the Celts, Romans and Bavarians - show a seamless continuity of settlement from the Ice Age to the elevation of Kelheim as a town in the Middle Ages. The exhibition vividly presents how the Danube and Altm\u00fchl, two important lifelines, have made Kelheim, the \u201etown on the river\u201c, a place of encounter for thousands of years.<\/p>\t\t\t\t\t\t\t\t<\/div>\n\t\t\t\t<\/div>\n\t\t\t\t<\/div>\n\t\t\t\t<div class=\"elementor-element elementor-element-d44b9f3 elementor-widget__width-inherit elementor-repeater-item-none elementor-repeater-item-none_hover elementor-widget elementor-widget-heading\" data-id=\"d44b9f3\" data-element_type=\"widget\" data-e-type=\"widget\" data-widget_type=\"heading.default\">\n\t\t\t\t<div class=\"elementor-widget-container\">\n\t\t\t\t\t<h2 class=\"elementor-heading-title elementor-size-default\">City history - City on the river<\/h2>\t\t\t\t<\/div>\n\t\t\t\t<\/div>\n\t\t<div class=\"elementor-element elementor-element-8403dd2 e-con-full e-flex elementor-repeater-item-default_padding elementor-repeater-item-none elementor-repeater-item-none_hover e-con e-child\" data-id=\"8403dd2\" data-element_type=\"container\" data-e-type=\"container\" data-settings=\"{&quot;jet_parallax_layout_list&quot;:[],&quot;ang_container_spacing_size&quot;:&quot;default_padding&quot;}\">\n\t\t\t\t<div class=\"elementor-element elementor-element-50902c3 elementor-widget__width-initial elementor-widget-mobile__width-inherit external_elementor-repeater-item-none_external elementor-repeater-item-none elementor-repeater-item-none_hover elementor-widget elementor-widget-image\" data-id=\"50902c3\" data-element_type=\"widget\" data-e-type=\"widget\" data-widget_type=\"image.default\">\n\t\t\t\t<div class=\"elementor-widget-container\">\n\t\t\t\t\t\t\t\t\t\t\t\t\t\t\t<img decoding=\"async\" width=\"800\" height=\"534\" src=\"https:\/\/tourismus.kelheim.de\/wp-content\/uploads\/2025\/12\/Ausstellungen-Dauerausstellung-Stadtgeschichte-1024x683.jpg\" class=\"attachment-large size-large wp-image-53498\" alt=\"\" srcset=\"https:\/\/tourismus.kelheim.de\/wp-content\/uploads\/2025\/12\/Ausstellungen-Dauerausstellung-Stadtgeschichte-1024x683.jpg 1024w, https:\/\/tourismus.kelheim.de\/wp-content\/uploads\/2025\/12\/Ausstellungen-Dauerausstellung-Stadtgeschichte-300x200.jpg 300w, https:\/\/tourismus.kelheim.de\/wp-content\/uploads\/2025\/12\/Ausstellungen-Dauerausstellung-Stadtgeschichte-768x512.jpg 768w, https:\/\/tourismus.kelheim.de\/wp-content\/uploads\/2025\/12\/Ausstellungen-Dauerausstellung-Stadtgeschichte-1536x1025.jpg 1536w, https:\/\/tourismus.kelheim.de\/wp-content\/uploads\/2025\/12\/Ausstellungen-Dauerausstellung-Stadtgeschichte-scaled.jpg 2048w, https:\/\/tourismus.kelheim.de\/wp-content\/uploads\/2025\/12\/Ausstellungen-Dauerausstellung-Stadtgeschichte-18x12.jpg 18w\" sizes=\"(max-width: 800px) 100vw, 800px\" \/>\t\t\t\t\t\t\t\t\t\t\t\t\t\t\t<\/div>\n\t\t\t\t<\/div>\n\t\t\t\t<div class=\"elementor-element elementor-element-21f227e elementor-widget__width-initial elementor-widget-mobile__width-inherit elementor-repeater-item-none elementor-repeater-item-none_hover elementor-widget elementor-widget-text-editor\" data-id=\"21f227e\" data-element_type=\"widget\" data-e-type=\"widget\" data-widget_type=\"text-editor.default\">\n\t\t\t\t<div class=\"elementor-widget-container\">\n\t\t\t\t\t\t\t\t\t<p>On the upper floor is the town history exhibition, which presents the development of the town of Kelheim over the centuries.\u00a0<\/p><p>The exhibits provide a lively insight into the everyday and professional life of the ducal trade and craftsmen's town: from wine and beer production to fishermen, shipyards and shipwrights. And time and again, the Wittelsbach dynasty left its mark on the town: From the residence of the first dukes to the towering Royal Liberation Hall.<\/p>\t\t\t\t\t\t\t\t<\/div>\n\t\t\t\t<\/div>\n\t\t\t\t<\/div>\n\t\t\t\t\t<\/div>\n\t\t\t\t<\/div>\n\t\t\t\t<\/div>","protected":false},"excerpt":{"rendered":"<p>Arch\u00e4ologie Dass im Altm\u00fchltal bereits vor rund 200 000 Jahren Menschen siedelten, erf\u00e4hrt man im Erdgeschoss des Museums.\u00a0 Die Fundst\u00fccke, die Arch\u00e4ologen aus der Erde in Kelheim und Umgebung hervorholten \u2013 von den Neandertalern bis zu den Kelten, R\u00f6mern und Bajuwaren, zeigen eine l\u00fcckenlose Besiedlungskontinuit\u00e4t von der Eiszeit bis zur Stadterhebung Kelheims im Mittelalter. Die [&hellip;]<\/p>","protected":false},"author":17,"featured_media":53498,"parent":51836,"menu_order":0,"comment_status":"closed","ping_status":"closed","template":"","meta":{"iawp_total_views":98,"footnotes":""},"categories":[],"tags":[],"class_list":["post-52403","page","type-page","status-publish","has-post-thumbnail","hentry"],"yoast_head":"<!-- This site is optimized with the Yoast SEO plugin v26.9 - https:\/\/yoast.com\/product\/yoast-seo-wordpress\/ -->\n<title>Dauerausstellungen - Kelheim Tourismus<\/title>\n<meta name=\"robots\" content=\"index, follow, max-snippet:-1, max-image-preview:large, max-video-preview:-1\" \/>\n<link rel=\"canonical\" href=\"https:\/\/tourismus.kelheim.de\/en\/archaeologisches-museum\/ausstellungen\/dauerausstellung\/\" \/>\n<meta property=\"og:locale\" content=\"en_US\" \/>\n<meta property=\"og:type\" content=\"article\" \/>\n<meta property=\"og:title\" content=\"Dauerausstellungen - Kelheim Tourismus\" \/>\n<meta property=\"og:description\" content=\"Arch\u00e4ologie Dass im Altm\u00fchltal bereits vor rund 200 000 Jahren Menschen siedelten, erf\u00e4hrt man im Erdgeschoss des Museums.\u00a0 Die Fundst\u00fccke, die Arch\u00e4ologen aus der Erde in Kelheim und Umgebung hervorholten \u2013 von den Neandertalern bis zu den Kelten, R\u00f6mern und Bajuwaren, zeigen eine l\u00fcckenlose Besiedlungskontinuit\u00e4t von der Eiszeit bis zur Stadterhebung Kelheims im Mittelalter. Die [&hellip;]\" \/>\n<meta property=\"og:url\" content=\"https:\/\/tourismus.kelheim.de\/en\/archaeologisches-museum\/ausstellungen\/dauerausstellung\/\" \/>\n<meta property=\"og:site_name\" content=\"Kelheim Tourismus\" \/>\n<meta property=\"article:modified_time\" content=\"2025-12-12T12:20:39+00:00\" \/>\n<meta property=\"og:image\" content=\"https:\/\/tourismus.kelheim.de\/wp-content\/uploads\/2025\/12\/Ausstellungen-Dauerausstellung-Stadtgeschichte-scaled.jpg\" \/>\n\t<meta property=\"og:image:width\" content=\"2048\" \/>\n\t<meta property=\"og:image:height\" content=\"1366\" \/>\n\t<meta property=\"og:image:type\" content=\"image\/jpeg\" \/>\n<meta name=\"twitter:card\" content=\"summary_large_image\" \/>\n<meta name=\"twitter:label1\" content=\"Est. reading time\" \/>\n\t<meta name=\"twitter:data1\" content=\"2 minutes\" \/>\n<script type=\"application\/ld+json\" class=\"yoast-schema-graph\">{\"@context\":\"https:\/\/schema.org\",\"@graph\":[{\"@type\":\"WebPage\",\"@id\":\"https:\/\/tourismus.kelheim.de\/archaeologisches-museum\/ausstellungen\/dauerausstellung\/\",\"url\":\"https:\/\/tourismus.kelheim.de\/archaeologisches-museum\/ausstellungen\/dauerausstellung\/\",\"name\":\"Dauerausstellungen - Kelheim Tourismus\",\"isPartOf\":{\"@id\":\"https:\/\/tourismus.kelheim.de\/#website\"},\"primaryImageOfPage\":{\"@id\":\"https:\/\/tourismus.kelheim.de\/archaeologisches-museum\/ausstellungen\/dauerausstellung\/#primaryimage\"},\"image\":{\"@id\":\"https:\/\/tourismus.kelheim.de\/archaeologisches-museum\/ausstellungen\/dauerausstellung\/#primaryimage\"},\"thumbnailUrl\":\"https:\/\/tourismus.kelheim.de\/wp-content\/uploads\/2025\/12\/Ausstellungen-Dauerausstellung-Stadtgeschichte-scaled.jpg\",\"datePublished\":\"2025-10-10T07:46:27+00:00\",\"dateModified\":\"2025-12-12T12:20:39+00:00\",\"breadcrumb\":{\"@id\":\"https:\/\/tourismus.kelheim.de\/archaeologisches-museum\/ausstellungen\/dauerausstellung\/#breadcrumb\"},\"inLanguage\":\"en-US\",\"potentialAction\":[{\"@type\":\"ReadAction\",\"target\":[\"https:\/\/tourismus.kelheim.de\/archaeologisches-museum\/ausstellungen\/dauerausstellung\/\"]}]},{\"@type\":\"ImageObject\",\"inLanguage\":\"en-US\",\"@id\":\"https:\/\/tourismus.kelheim.de\/archaeologisches-museum\/ausstellungen\/dauerausstellung\/#primaryimage\",\"url\":\"https:\/\/tourismus.kelheim.de\/wp-content\/uploads\/2025\/12\/Ausstellungen-Dauerausstellung-Stadtgeschichte-scaled.jpg\",\"contentUrl\":\"https:\/\/tourismus.kelheim.de\/wp-content\/uploads\/2025\/12\/Ausstellungen-Dauerausstellung-Stadtgeschichte-scaled.jpg\",\"width\":2048,\"height\":1366},{\"@type\":\"BreadcrumbList\",\"@id\":\"https:\/\/tourismus.kelheim.de\/archaeologisches-museum\/ausstellungen\/dauerausstellung\/#breadcrumb\",\"itemListElement\":[{\"@type\":\"ListItem\",\"position\":1,\"name\":\"Startseite\",\"item\":\"https:\/\/tourismus.kelheim.de\/\"},{\"@type\":\"ListItem\",\"position\":2,\"name\":\"Arch\u00e4ologisches Museum\",\"item\":\"https:\/\/tourismus.kelheim.de\/archaeologisches-museum\/\"},{\"@type\":\"ListItem\",\"position\":3,\"name\":\"Ausstellungen\",\"item\":\"https:\/\/tourismus.kelheim.de\/archaeologisches-museum\/ausstellungen\/\"},{\"@type\":\"ListItem\",\"position\":4,\"name\":\"Dauerausstellungen\"}]},{\"@type\":\"WebSite\",\"@id\":\"https:\/\/tourismus.kelheim.de\/#website\",\"url\":\"https:\/\/tourismus.kelheim.de\/\",\"name\":\"Kelheim Tourismus\",\"description\":\"Wir freuen uns \u00fcber Ihren Besuch auf unserer Website.\",\"publisher\":{\"@id\":\"https:\/\/tourismus.kelheim.de\/#organization\"},\"potentialAction\":[{\"@type\":\"SearchAction\",\"target\":{\"@type\":\"EntryPoint\",\"urlTemplate\":\"https:\/\/tourismus.kelheim.de\/?s={search_term_string}\"},\"query-input\":{\"@type\":\"PropertyValueSpecification\",\"valueRequired\":true,\"valueName\":\"search_term_string\"}}],\"inLanguage\":\"en-US\"},{\"@type\":\"Organization\",\"@id\":\"https:\/\/tourismus.kelheim.de\/#organization\",\"name\":\"Kelheim Tourismus\",\"url\":\"https:\/\/tourismus.kelheim.de\/\",\"logo\":{\"@type\":\"ImageObject\",\"inLanguage\":\"en-US\",\"@id\":\"https:\/\/tourismus.kelheim.de\/#\/schema\/logo\/image\/\",\"url\":\"\",\"contentUrl\":\"\",\"caption\":\"Kelheim Tourismus\"},\"image\":{\"@id\":\"https:\/\/tourismus.kelheim.de\/#\/schema\/logo\/image\/\"}}]}<\/script>\n<!-- \/ Yoast SEO plugin. -->","yoast_head_json":{"title":"Dauerausstellungen - Kelheim Tourismus","robots":{"index":"index","follow":"follow","max-snippet":"max-snippet:-1","max-image-preview":"max-image-preview:large","max-video-preview":"max-video-preview:-1"},"canonical":"https:\/\/tourismus.kelheim.de\/en\/archaeologisches-museum\/ausstellungen\/dauerausstellung\/","og_locale":"en_US","og_type":"article","og_title":"Dauerausstellungen - Kelheim Tourismus","og_description":"Arch\u00e4ologie Dass im Altm\u00fchltal bereits vor rund 200 000 Jahren Menschen siedelten, erf\u00e4hrt man im Erdgeschoss des Museums.\u00a0 Die Fundst\u00fccke, die Arch\u00e4ologen aus der Erde in Kelheim und Umgebung hervorholten \u2013 von den Neandertalern bis zu den Kelten, R\u00f6mern und Bajuwaren, zeigen eine l\u00fcckenlose Besiedlungskontinuit\u00e4t von der Eiszeit bis zur Stadterhebung Kelheims im Mittelalter. Die [&hellip;]","og_url":"https:\/\/tourismus.kelheim.de\/en\/archaeologisches-museum\/ausstellungen\/dauerausstellung\/","og_site_name":"Kelheim Tourismus","article_modified_time":"2025-12-12T12:20:39+00:00","og_image":[{"width":2048,"height":1366,"url":"https:\/\/tourismus.kelheim.de\/wp-content\/uploads\/2025\/12\/Ausstellungen-Dauerausstellung-Stadtgeschichte-scaled.jpg","type":"image\/jpeg"}],"twitter_card":"summary_large_image","twitter_misc":{"Est. reading time":"2 minutes"},"schema":{"@context":"https:\/\/schema.org","@graph":[{"@type":"WebPage","@id":"https:\/\/tourismus.kelheim.de\/archaeologisches-museum\/ausstellungen\/dauerausstellung\/","url":"https:\/\/tourismus.kelheim.de\/archaeologisches-museum\/ausstellungen\/dauerausstellung\/","name":"Dauerausstellungen - Kelheim Tourismus","isPartOf":{"@id":"https:\/\/tourismus.kelheim.de\/#website"},"primaryImageOfPage":{"@id":"https:\/\/tourismus.kelheim.de\/archaeologisches-museum\/ausstellungen\/dauerausstellung\/#primaryimage"},"image":{"@id":"https:\/\/tourismus.kelheim.de\/archaeologisches-museum\/ausstellungen\/dauerausstellung\/#primaryimage"},"thumbnailUrl":"https:\/\/tourismus.kelheim.de\/wp-content\/uploads\/2025\/12\/Ausstellungen-Dauerausstellung-Stadtgeschichte-scaled.jpg","datePublished":"2025-10-10T07:46:27+00:00","dateModified":"2025-12-12T12:20:39+00:00","breadcrumb":{"@id":"https:\/\/tourismus.kelheim.de\/archaeologisches-museum\/ausstellungen\/dauerausstellung\/#breadcrumb"},"inLanguage":"en-US","potentialAction":[{"@type":"ReadAction","target":["https:\/\/tourismus.kelheim.de\/archaeologisches-museum\/ausstellungen\/dauerausstellung\/"]}]},{"@type":"ImageObject","inLanguage":"en-US","@id":"https:\/\/tourismus.kelheim.de\/archaeologisches-museum\/ausstellungen\/dauerausstellung\/#primaryimage","url":"https:\/\/tourismus.kelheim.de\/wp-content\/uploads\/2025\/12\/Ausstellungen-Dauerausstellung-Stadtgeschichte-scaled.jpg","contentUrl":"https:\/\/tourismus.kelheim.de\/wp-content\/uploads\/2025\/12\/Ausstellungen-Dauerausstellung-Stadtgeschichte-scaled.jpg","width":2048,"height":1366},{"@type":"BreadcrumbList","@id":"https:\/\/tourismus.kelheim.de\/archaeologisches-museum\/ausstellungen\/dauerausstellung\/#breadcrumb","itemListElement":[{"@type":"ListItem","position":1,"name":"Startseite","item":"https:\/\/tourismus.kelheim.de\/"},{"@type":"ListItem","position":2,"name":"Arch\u00e4ologisches Museum","item":"https:\/\/tourismus.kelheim.de\/archaeologisches-museum\/"},{"@type":"ListItem","position":3,"name":"Ausstellungen","item":"https:\/\/tourismus.kelheim.de\/archaeologisches-museum\/ausstellungen\/"},{"@type":"ListItem","position":4,"name":"Dauerausstellungen"}]},{"@type":"WebSite","@id":"https:\/\/tourismus.kelheim.de\/#website","url":"https:\/\/tourismus.kelheim.de\/","name":"Kelheim Tourism","description":"We look forward to your visit to our website.","publisher":{"@id":"https:\/\/tourismus.kelheim.de\/#organization"},"potentialAction":[{"@type":"SearchAction","target":{"@type":"EntryPoint","urlTemplate":"https:\/\/tourismus.kelheim.de\/?s={search_term_string}"},"query-input":{"@type":"PropertyValueSpecification","valueRequired":true,"valueName":"search_term_string"}}],"inLanguage":"en-US"},{"@type":"Organization","@id":"https:\/\/tourismus.kelheim.de\/#organization","name":"Kelheim Tourism","url":"https:\/\/tourismus.kelheim.de\/","logo":{"@type":"ImageObject","inLanguage":"en-US","@id":"https:\/\/tourismus.kelheim.de\/#\/schema\/logo\/image\/","url":"","contentUrl":"","caption":"Kelheim Tourismus"},"image":{"@id":"https:\/\/tourismus.kelheim.de\/#\/schema\/logo\/image\/"}}]}},"_links":{"self":[{"href":"https:\/\/tourismus.kelheim.de\/en\/wp-json\/wp\/v2\/pages\/52403","targetHints":{"allow":["GET"]}}],"collection":[{"href":"https:\/\/tourismus.kelheim.de\/en\/wp-json\/wp\/v2\/pages"}],"about":[{"href":"https:\/\/tourismus.kelheim.de\/en\/wp-json\/wp\/v2\/types\/page"}],"author":[{"embeddable":true,"href":"https:\/\/tourismus.kelheim.de\/en\/wp-json\/wp\/v2\/users\/17"}],"replies":[{"embeddable":true,"href":"https:\/\/tourismus.kelheim.de\/en\/wp-json\/wp\/v2\/comments?post=52403"}],"version-history":[{"count":10,"href":"https:\/\/tourismus.kelheim.de\/en\/wp-json\/wp\/v2\/pages\/52403\/revisions"}],"predecessor-version":[{"id":53562,"href":"https:\/\/tourismus.kelheim.de\/en\/wp-json\/wp\/v2\/pages\/52403\/revisions\/53562"}],"up":[{"embeddable":true,"href":"https:\/\/tourismus.kelheim.de\/en\/wp-json\/wp\/v2\/pages\/51836"}],"wp:featuredmedia":[{"embeddable":true,"href":"https:\/\/tourismus.kelheim.de\/en\/wp-json\/wp\/v2\/media\/53498"}],"wp:attachment":[{"href":"https:\/\/tourismus.kelheim.de\/en\/wp-json\/wp\/v2\/media?parent=52403"}],"wp:term":[{"taxonomy":"category","embeddable":true,"href":"https:\/\/tourismus.kelheim.de\/en\/wp-json\/wp\/v2\/categories?post=52403"},{"taxonomy":"post_tag","embeddable":true,"href":"https:\/\/tourismus.kelheim.de\/en\/wp-json\/wp\/v2\/tags?post=52403"}],"curies":[{"name":"wp","href":"https:\/\/api.w.org\/{rel}","templated":true}]}}